{"id":5508,"date":"2025-09-24T00:44:37","date_gmt":"2025-09-23T22:44:37","guid":{"rendered":"https:\/\/www.physioradiance.de\/sobre-nosotros\/"},"modified":"2026-02-06T14:53:13","modified_gmt":"2026-02-06T13:53:13","slug":"sobre-nosotros","status":"publish","type":"page","link":"https:\/\/www.physioradiance.de\/es\/sobre-nosotros\/","title":{"rendered":"Sobre nosotros"},"content":{"rendered":"\t\t<div data-elementor-type=\"wp-page\" data-elementor-id=\"5508\" class=\"elementor elementor-5508 elementor-1543\" data-elementor-post-type=\"page\">\n\t\t\t\t<div class=\"elementor-element elementor-element-d69841d e-flex e-con-boxed e-con e-parent\" data-id=\"d69841d\" data-element_type=\"container\" data-e-type=\"container\" id=\"content\" data-settings=\"{&quot;background_background&quot;:&quot;gradient&quot;}\">\n\t\t\t\t\t<div class=\"e-con-inner\">\n\t\t<div class=\"elementor-element elementor-element-6d2afbc e-con-full animated-fast e-flex elementor-invisible e-con e-child\" data-id=\"6d2afbc\" data-element_type=\"container\" data-e-type=\"container\" data-settings=\"{&quot;background_background&quot;:&quot;classic&quot;,&quot;animation&quot;:&quot;fadeIn&quot;,&quot;animation_tablet&quot;:&quot;none&quot;}\">\n\t\t\t\t<div class=\"elementor-element elementor-element-69ba85d elementor-widget__width-initial elementor-widget elementor-widget-heading\" data-id=\"69ba85d\" data-element_type=\"widget\" data-e-type=\"widget\" data-widget_type=\"heading.default\">\n\t\t\t\t\t<h1 class=\"elementor-heading-title elementor-size-default\">PHYSIO RADIANCE ES UNA MARCA DE QN EUROPE<\/h1>\t\t\t\t<\/div>\n\t\t\t\t<div class=\"elementor-element elementor-element-283d395 elementor-widget__width-initial elementor-widget-mobile__width-inherit elementor-widget elementor-widget-text-editor\" data-id=\"283d395\" data-element_type=\"widget\" data-e-type=\"widget\" data-widget_type=\"text-editor.default\">\n\t\t\t\t\t\t\t\t\t<p>QN Europe es una empresa joven que se fund\u00f3 en 2014 y desde entonces no ha dejado de expandirse por varios pa\u00edses europeos.<\/p>\t\t\t\t\t\t\t\t<\/div>\n\t\t\t\t<\/div>\n\t\t<div class=\"elementor-element elementor-element-eec43f9 e-con-full animated-fast e-flex elementor-invisible e-con e-child\" data-id=\"eec43f9\" data-element_type=\"container\" data-e-type=\"container\" data-settings=\"{&quot;background_background&quot;:&quot;classic&quot;,&quot;motion_fx_motion_fx_scrolling&quot;:&quot;yes&quot;,&quot;motion_fx_devices&quot;:[&quot;widescreen&quot;,&quot;desktop&quot;],&quot;animation&quot;:&quot;fadeInRight&quot;}\">\n\t\t\t\t<div class=\"elementor-element elementor-element-92e22d6 elementor-widget elementor-widget-spacer\" data-id=\"92e22d6\" data-element_type=\"widget\" data-e-type=\"widget\" data-widget_type=\"spacer.default\">\n\t\t\t\t\t\t\t<div class=\"elementor-spacer\">\n\t\t\t<div class=\"elementor-spacer-inner\"><\/div>\n\t\t<\/div>\n\t\t\t\t\t\t<\/div>\n\t\t\t\t<\/div>\n\t\t\t\t\t<\/div>\n\t\t\t\t<\/div>\n\t\t<div class=\"elementor-element elementor-element-4b56aaf5 e-flex e-con-boxed e-con e-parent\" data-id=\"4b56aaf5\" data-element_type=\"container\" data-e-type=\"container\">\n\t\t\t\t\t<div class=\"e-con-inner\">\n\t\t\t\t<div class=\"elementor-element elementor-element-5d1cf100 elementor-skin-carousel elementor-arrows-yes elementor-pagination-type-bullets elementor-pagination-position-outside elementor-widget elementor-widget-media-carousel\" data-id=\"5d1cf100\" data-element_type=\"widget\" data-e-type=\"widget\" data-settings=\"{&quot;slides_per_view&quot;:&quot;4&quot;,&quot;slides_to_scroll&quot;:&quot;1&quot;,&quot;space_between&quot;:{&quot;unit&quot;:&quot;px&quot;,&quot;size&quot;:25,&quot;sizes&quot;:[]},&quot;space_between_tablet&quot;:{&quot;unit&quot;:&quot;px&quot;,&quot;size&quot;:31,&quot;sizes&quot;:[]},&quot;skin&quot;:&quot;carousel&quot;,&quot;effect&quot;:&quot;slide&quot;,&quot;show_arrows&quot;:&quot;yes&quot;,&quot;pagination&quot;:&quot;bullets&quot;,&quot;speed&quot;:500,&quot;autoplay&quot;:&quot;yes&quot;,&quot;autoplay_speed&quot;:5000,&quot;loop&quot;:&quot;yes&quot;,&quot;pause_on_hover&quot;:&quot;yes&quot;,&quot;pause_on_interaction&quot;:&quot;yes&quot;,&quot;space_between_mobile&quot;:{&quot;unit&quot;:&quot;px&quot;,&quot;size&quot;:10,&quot;sizes&quot;:[]}}\" data-widget_type=\"media-carousel.default\">\n\t\t\t\t\t\t\t\t\t\t<div class=\"elementor-main-swiper swiper\" role=\"region\" aria-roledescription=\"carousel\" aria-label=\"Slider\">\n\t\t\t\t<div class=\"swiper-wrapper\">\n\t\t\t\t\t\t\t\t\t\t\t<div class=\"swiper-slide\" role=\"group\" aria-roledescription=\"slide\">\n\t\t\t\t\t\t\t<a href=\"https:\/\/physioradiance.de\/\" target=\"_blank\">\t\t<div class=\"elementor-carousel-image\" role=\"img\" aria-label=\"Productos Physio Radiance\" style=\"background-image: url(&#039;https:\/\/www.physioradiance.de\/wp-content\/uploads\/PhysioShopPreview.jpg&#039;)\">\n\n\t\t\t\n\t\t\t\t\t<\/div>\n\t\t<\/a>\t\t\t\t\t\t<\/div>\n\t\t\t\t\t\t\t\t\t\t\t<div class=\"swiper-slide\" role=\"group\" aria-roledescription=\"slide\">\n\t\t\t\t\t\t\t\t\t<div class=\"elementor-carousel-image\" role=\"img\" aria-label=\"Amezcua\" style=\"background-image: url(&#039;https:\/\/www.physioradiance.de\/wp-content\/uploads\/Brandtile_Amezcua24.jpg&#039;)\">\n\n\t\t\t\n\t\t\t\t\t<\/div>\n\t\t\t\t\t\t\t\t<\/div>\n\t\t\t\t\t\t\t\t\t\t\t<div class=\"swiper-slide\" role=\"group\" aria-roledescription=\"slide\">\n\t\t\t\t\t\t\t<a href=\"https:\/\/homepure.de\/\" target=\"_blank\">\t\t<div class=\"elementor-carousel-image\" role=\"img\" aria-label=\"Inicio Puro\" style=\"background-image: url(&#039;https:\/\/www.physioradiance.de\/wp-content\/uploads\/Brandtile_Homepure24.jpg&#039;)\">\n\n\t\t\t\n\t\t\t\t\t<\/div>\n\t\t<\/a>\t\t\t\t\t\t<\/div>\n\t\t\t\t\t\t\t\t\t\t\t<div class=\"swiper-slide\" role=\"group\" aria-roledescription=\"slide\">\n\t\t\t\t\t\t\t<a href=\"https:\/\/lifeqode.de\/\" target=\"_blank\">\t\t<div class=\"elementor-carousel-image\" role=\"img\" aria-label=\"LifeQode\" style=\"background-image: url(&#039;https:\/\/www.physioradiance.de\/wp-content\/uploads\/Lifeqodeshop.jpg&#039;)\">\n\n\t\t\t\n\t\t\t\t\t<\/div>\n\t\t<\/a>\t\t\t\t\t\t<\/div>\n\t\t\t\t\t\t\t\t\t\t\t<div class=\"swiper-slide\" role=\"group\" aria-roledescription=\"slide\">\n\t\t\t\t\t\t\t<a href=\"https:\/\/www.bernhardhmayer.com\/\" target=\"_blank\">\t\t<div class=\"elementor-carousel-image\" role=\"img\" aria-label=\"Bernhard H. Mayer\" style=\"background-image: url(&#039;https:\/\/www.physioradiance.de\/wp-content\/uploads\/Brandtile_BHM24.jpg&#039;)\">\n\n\t\t\t\n\t\t\t\t\t<\/div>\n\t\t<\/a>\t\t\t\t\t\t<\/div>\n\t\t\t\t\t\t\t\t\t<\/div>\n\t\t\t\t\t\t\t\t\t\t\t\t\t\t\t<div class=\"elementor-swiper-button elementor-swiper-button-prev\" role=\"button\" tabindex=\"0\" aria-label=\"Anterior\">\n\t\t\t\t\t\t\t<svg aria-hidden=\"true\" class=\"e-font-icon-svg e-eicon-chevron-left\" viewBox=\"0 0 1000 1000\" xmlns=\"http:\/\/www.w3.org\/2000\/svg\"><path d=\"M646 125C629 125 613 133 604 142L308 442C296 454 292 471 292 487 292 504 296 521 308 533L604 854C617 867 629 875 646 875 663 875 679 871 692 858 704 846 713 829 713 812 713 796 708 779 692 767L438 487 692 225C700 217 708 204 708 187 708 171 704 154 692 142 675 129 663 125 646 125Z\"><\/path><\/svg>\t\t\t\t\t\t<\/div>\n\t\t\t\t\t\t<div class=\"elementor-swiper-button elementor-swiper-button-next\" role=\"button\" tabindex=\"0\" aria-label=\"Siguiente\">\n\t\t\t\t\t\t\t<svg aria-hidden=\"true\" class=\"e-font-icon-svg e-eicon-chevron-right\" viewBox=\"0 0 1000 1000\" xmlns=\"http:\/\/www.w3.org\/2000\/svg\"><path d=\"M696 533C708 521 713 504 713 487 713 471 708 454 696 446L400 146C388 133 375 125 354 125 338 125 325 129 313 142 300 154 292 171 292 187 292 204 296 221 308 233L563 492 304 771C292 783 288 800 288 817 288 833 296 850 308 863 321 871 338 875 354 875 371 875 388 867 400 854L696 533Z\"><\/path><\/svg>\t\t\t\t\t\t<\/div>\n\t\t\t\t\t\t\t\t\t\t\t\t\t\t\t\t<div class=\"swiper-pagination\"><\/div>\n\t\t\t\t\t\t\t\t\t\t\t\t<\/div>\n\t\t\t\t\t\t\t\t<\/div>\n\t\t\t\t\t<\/div>\n\t\t\t\t<\/div>\n\t\t<div class=\"elementor-element elementor-element-6d449375 e-flex e-con-boxed e-con e-parent\" data-id=\"6d449375\" data-element_type=\"container\" data-e-type=\"container\" data-settings=\"{&quot;background_background&quot;:&quot;gradient&quot;}\">\n\t\t\t\t\t<div class=\"e-con-inner\">\n\t\t<div class=\"elementor-element elementor-element-29470251 e-grid e-con-boxed e-con e-child\" data-id=\"29470251\" data-element_type=\"container\" data-e-type=\"container\">\n\t\t\t\t\t<div class=\"e-con-inner\">\n\t\t\t\t<div class=\"elementor-element elementor-element-602c4dec animated-fast elementor-invisible elementor-widget elementor-widget-image\" data-id=\"602c4dec\" data-element_type=\"widget\" data-e-type=\"widget\" data-settings=\"{&quot;_animation&quot;:&quot;fadeIn&quot;,&quot;_animation_delay&quot;:500,&quot;_animation_tablet&quot;:&quot;none&quot;}\" data-widget_type=\"image.default\">\n\t\t\t\t\t\t\t\t\t\t\t\t\t\t\t<img fetchpriority=\"high\" decoding=\"async\" width=\"660\" height=\"770\" src=\"https:\/\/www.physioradiance.de\/wp-content\/uploads\/uberuns.webp\" class=\"attachment-full size-full wp-image-5510\" alt=\"Productos Physio Radiance\" srcset=\"https:\/\/www.physioradiance.de\/wp-content\/uploads\/uberuns.webp 660w, https:\/\/www.physioradiance.de\/wp-content\/uploads\/uberuns-257x300.webp 257w\" sizes=\"(max-width: 660px) 100vw, 660px\" \/>\t\t\t\t\t\t\t\t\t\t\t\t\t\t\t<\/div>\n\t\t<div class=\"elementor-element elementor-element-5b3d847e e-con-full animated-fast e-flex elementor-invisible e-con e-child\" data-id=\"5b3d847e\" data-element_type=\"container\" data-e-type=\"container\" data-settings=\"{&quot;animation&quot;:&quot;fadeIn&quot;,&quot;animation_delay&quot;:750,&quot;animation_tablet&quot;:&quot;none&quot;}\">\n\t\t\t\t<div class=\"elementor-element elementor-element-b9e97d7 elementor-widget elementor-widget-heading\" data-id=\"b9e97d7\" data-element_type=\"widget\" data-e-type=\"widget\" data-widget_type=\"heading.default\">\n\t\t\t\t\t<span class=\"elementor-heading-title elementor-size-default\">SOBRE NOSOTROS<\/span>\t\t\t\t<\/div>\n\t\t\t\t<div class=\"elementor-element elementor-element-4b8f7809 elementor-widget__width-initial elementor-widget-mobile__width-inherit elementor-widget elementor-widget-heading\" data-id=\"4b8f7809\" data-element_type=\"widget\" data-e-type=\"widget\" data-widget_type=\"heading.default\">\n\t\t\t\t\t<h1 class=\"elementor-heading-title elementor-size-default\">Physio Radiance es una marca de QN Europe<\/h1>\t\t\t\t<\/div>\n\t\t<div class=\"elementor-element elementor-element-1b578628 e-grid e-con-full e-con e-child\" data-id=\"1b578628\" data-element_type=\"container\" data-e-type=\"container\">\n\t\t\t\t<div class=\"elementor-element elementor-element-78ef668c elementor-widget elementor-widget-text-editor\" data-id=\"78ef668c\" data-element_type=\"widget\" data-e-type=\"widget\" data-widget_type=\"text-editor.default\">\n\t\t\t\t\t\t\t\t\t<p data-start=\"123\" data-end=\"499\">QN Europe es una empresa joven que se fund\u00f3 en 2014 y desde entonces no ha dejado de expandirse por varios pa\u00edses europeos. Nuestra filosof\u00eda \u00abCreate Value | Empower People\u00bb representa nuestro empe\u00f1o por desarrollar productos que mejoren la calidad de vida y expresa nuestro deseo de ayudar a las personas a llevar una vida m\u00e1s plena.<\/p><p data-start=\"501\" data-end=\"817\">Ofrecemos una amplia gama de productos innovadores y de alta calidad que ya se han establecido con \u00e9xito. No s\u00f3lo nos aseguramos de que nuestros productos se fabriquen de acuerdo con las normas m\u00e1s estrictas, sino tambi\u00e9n de que representen un valor a\u00f1adido tangible para nuestros clientes.<\/p>\t\t\t\t\t\t\t\t<\/div>\n\t\t\t\t<div class=\"elementor-element elementor-element-6f190bbf elementor-widget elementor-widget-text-editor\" data-id=\"6f190bbf\" data-element_type=\"widget\" data-e-type=\"widget\" data-widget_type=\"text-editor.default\">\n\t\t\t\t\t\t\t\t\t<p data-start=\"824\" data-end=\"1220\">Desarrollamos y ampliamos constantemente nuestra cartera de productos para satisfacer las necesidades de nuestros clientes. Adem\u00e1s de esforzarnos por crear productos que ofrezcan valor a\u00f1adido, nuestra misi\u00f3n es abrir una oportunidad realista para que las personas ambiciosas puedan crearse un futuro independiente y sostenible mediante la comercializaci\u00f3n de nuestros productos.<\/p><p data-start=\"1222\" data-end=\"1407\">Para ello, hemos creado un programa de formaci\u00f3n \u00fanico para los aspirantes a representantes independientes, con el fin de proporcionarles una base s\u00f3lida para su \u00e9xito individual.<\/p>\t\t\t\t\t\t\t\t<\/div>\n\t\t\t\t<\/div>\n\t\t\t\t<\/div>\n\t\t\t\t\t<\/div>\n\t\t\t\t<\/div>\n\t\t\t\t\t<\/div>\n\t\t\t\t<\/div>\n\t\t\t\t<\/div>\n\t\t","protected":false},"excerpt":{"rendered":"<p>PHYSIO RADIANCE ES UNA MARCA DE QN EUROPE QN Europe es una empresa joven que se fund\u00f3 en 2014 y desde entonces no ha dejado de expandirse por varios pa\u00edses europeos. SOBRE NOSOTROS Physio Radiance es una marca de QN Europe QN Europe es una empresa joven que se fund\u00f3 en 2014 y desde entonces [&hellip;]<\/p>\n","protected":false},"author":1,"featured_media":6078,"parent":0,"menu_order":0,"comment_status":"closed","ping_status":"closed","template":"elementor_header_footer","meta":{"footnotes":""},"class_list":["post-5508","page","type-page","status-publish","has-post-thumbnail","hentry"],"yoast_head":"<!-- This site is optimized with the Yoast SEO plugin v27.4 - https:\/\/yoast.com\/product\/yoast-seo-wordpress\/ -->\n<title>Sobre nosotros | Physio Radiance \u2013 QN Europe<\/title>\n<meta name=\"description\" content=\"Physio Radiance es una marca de QN Europe. Conoce nuestra historia, valores, enfoque profesional y presencia internacional en el sector del bienestar.\" \/>\n<meta name=\"robots\" content=\"index, follow, max-snippet:-1, max-image-preview:large, max-video-preview:-1\" \/>\n<link rel=\"canonical\" href=\"https:\/\/www.physioradiance.de\/es\/sobre-nosotros\/\" \/>\n<meta property=\"og:locale\" content=\"es_ES\" \/>\n<meta property=\"og:type\" content=\"article\" \/>\n<meta property=\"og:title\" content=\"Sobre nosotros | Physio Radiance \u2013 QN Europe\" \/>\n<meta property=\"og:description\" content=\"Physio Radiance es una marca de QN Europe. Conoce nuestra historia, valores, enfoque profesional y presencia internacional en el sector del bienestar.\" \/>\n<meta property=\"og:url\" content=\"https:\/\/www.physioradiance.de\/es\/sobre-nosotros\/\" \/>\n<meta property=\"og:site_name\" content=\"Physio Radiance\" \/>\n<meta property=\"article:modified_time\" content=\"2026-02-06T13:53:13+00:00\" \/>\n<meta property=\"og:image\" content=\"https:\/\/www.physioradiance.de\/wp-content\/uploads\/cropped-favicon.png\" \/>\n\t<meta property=\"og:image:width\" content=\"512\" \/>\n\t<meta property=\"og:image:height\" content=\"512\" \/>\n\t<meta property=\"og:image:type\" content=\"image\/png\" \/>\n<meta name=\"twitter:card\" content=\"summary_large_image\" \/>\n<meta name=\"twitter:label1\" content=\"Tiempo de lectura\" \/>\n\t<meta name=\"twitter:data1\" content=\"2 minutos\" \/>\n<script type=\"application\/ld+json\" class=\"yoast-schema-graph\">{\"@context\":\"https:\\\/\\\/schema.org\",\"@graph\":[{\"@type\":\"WebPage\",\"@id\":\"https:\\\/\\\/www.physioradiance.de\\\/es\\\/sobre-nosotros\\\/\",\"url\":\"https:\\\/\\\/www.physioradiance.de\\\/es\\\/sobre-nosotros\\\/\",\"name\":\"Sobre nosotros | Physio Radiance \u2013 QN Europe\",\"isPartOf\":{\"@id\":\"https:\\\/\\\/www.physioradiance.de\\\/#website\"},\"primaryImageOfPage\":{\"@id\":\"https:\\\/\\\/www.physioradiance.de\\\/es\\\/sobre-nosotros\\\/#primaryimage\"},\"image\":{\"@id\":\"https:\\\/\\\/www.physioradiance.de\\\/es\\\/sobre-nosotros\\\/#primaryimage\"},\"thumbnailUrl\":\"https:\\\/\\\/www.physioradiance.de\\\/wp-content\\\/uploads\\\/cropped-favicon.png\",\"datePublished\":\"2025-09-23T22:44:37+00:00\",\"dateModified\":\"2026-02-06T13:53:13+00:00\",\"description\":\"Physio Radiance es una marca de QN Europe. Conoce nuestra historia, valores, enfoque profesional y presencia internacional en el sector del bienestar.\",\"breadcrumb\":{\"@id\":\"https:\\\/\\\/www.physioradiance.de\\\/es\\\/sobre-nosotros\\\/#breadcrumb\"},\"inLanguage\":\"es\",\"potentialAction\":[{\"@type\":\"ReadAction\",\"target\":[\"https:\\\/\\\/www.physioradiance.de\\\/es\\\/sobre-nosotros\\\/\"]}]},{\"@type\":\"ImageObject\",\"inLanguage\":\"es\",\"@id\":\"https:\\\/\\\/www.physioradiance.de\\\/es\\\/sobre-nosotros\\\/#primaryimage\",\"url\":\"https:\\\/\\\/www.physioradiance.de\\\/wp-content\\\/uploads\\\/cropped-favicon.png\",\"contentUrl\":\"https:\\\/\\\/www.physioradiance.de\\\/wp-content\\\/uploads\\\/cropped-favicon.png\",\"width\":512,\"height\":512,\"caption\":\"Physio Radiance\"},{\"@type\":\"BreadcrumbList\",\"@id\":\"https:\\\/\\\/www.physioradiance.de\\\/es\\\/sobre-nosotros\\\/#breadcrumb\",\"itemListElement\":[{\"@type\":\"ListItem\",\"position\":1,\"name\":\"Startseite\",\"item\":\"https:\\\/\\\/www.physioradiance.de\\\/es\\\/\"},{\"@type\":\"ListItem\",\"position\":2,\"name\":\"Sobre nosotros\"}]},{\"@type\":\"WebSite\",\"@id\":\"https:\\\/\\\/www.physioradiance.de\\\/#website\",\"url\":\"https:\\\/\\\/www.physioradiance.de\\\/\",\"name\":\"Physio Radiance\",\"description\":\"Wegweisende Hautpflege\",\"publisher\":{\"@id\":\"https:\\\/\\\/www.physioradiance.de\\\/#organization\"},\"potentialAction\":[{\"@type\":\"SearchAction\",\"target\":{\"@type\":\"EntryPoint\",\"urlTemplate\":\"https:\\\/\\\/www.physioradiance.de\\\/?s={search_term_string}\"},\"query-input\":{\"@type\":\"PropertyValueSpecification\",\"valueRequired\":true,\"valueName\":\"search_term_string\"}}],\"inLanguage\":\"es\"},{\"@type\":\"Organization\",\"@id\":\"https:\\\/\\\/www.physioradiance.de\\\/#organization\",\"name\":\"Physio Radiance\",\"url\":\"https:\\\/\\\/www.physioradiance.de\\\/\",\"logo\":{\"@type\":\"ImageObject\",\"inLanguage\":\"es\",\"@id\":\"https:\\\/\\\/www.physioradiance.de\\\/#\\\/schema\\\/logo\\\/image\\\/\",\"url\":\"https:\\\/\\\/www.physioradiance.de\\\/wp-content\\\/uploads\\\/cropped-physioradiance-logo.webp\",\"contentUrl\":\"https:\\\/\\\/www.physioradiance.de\\\/wp-content\\\/uploads\\\/cropped-physioradiance-logo.webp\",\"width\":327,\"height\":112,\"caption\":\"Physio Radiance\"},\"image\":{\"@id\":\"https:\\\/\\\/www.physioradiance.de\\\/#\\\/schema\\\/logo\\\/image\\\/\"}}]}<\/script>\n<!-- \/ Yoast SEO plugin. -->","yoast_head_json":{"title":"Sobre nosotros | Physio Radiance \u2013 QN Europe","description":"Physio Radiance es una marca de QN Europe. Conoce nuestra historia, valores, enfoque profesional y presencia internacional en el sector del bienestar.","robots":{"index":"index","follow":"follow","max-snippet":"max-snippet:-1","max-image-preview":"max-image-preview:large","max-video-preview":"max-video-preview:-1"},"canonical":"https:\/\/www.physioradiance.de\/es\/sobre-nosotros\/","og_locale":"es_ES","og_type":"article","og_title":"Sobre nosotros | Physio Radiance \u2013 QN Europe","og_description":"Physio Radiance es una marca de QN Europe. Conoce nuestra historia, valores, enfoque profesional y presencia internacional en el sector del bienestar.","og_url":"https:\/\/www.physioradiance.de\/es\/sobre-nosotros\/","og_site_name":"Physio Radiance","article_modified_time":"2026-02-06T13:53:13+00:00","og_image":[{"width":512,"height":512,"url":"https:\/\/www.physioradiance.de\/wp-content\/uploads\/cropped-favicon.png","type":"image\/png"}],"twitter_card":"summary_large_image","twitter_misc":{"Tiempo de lectura":"2 minutos"},"schema":{"@context":"https:\/\/schema.org","@graph":[{"@type":"WebPage","@id":"https:\/\/www.physioradiance.de\/es\/sobre-nosotros\/","url":"https:\/\/www.physioradiance.de\/es\/sobre-nosotros\/","name":"Sobre nosotros | Physio Radiance \u2013 QN Europe","isPartOf":{"@id":"https:\/\/www.physioradiance.de\/#website"},"primaryImageOfPage":{"@id":"https:\/\/www.physioradiance.de\/es\/sobre-nosotros\/#primaryimage"},"image":{"@id":"https:\/\/www.physioradiance.de\/es\/sobre-nosotros\/#primaryimage"},"thumbnailUrl":"https:\/\/www.physioradiance.de\/wp-content\/uploads\/cropped-favicon.png","datePublished":"2025-09-23T22:44:37+00:00","dateModified":"2026-02-06T13:53:13+00:00","description":"Physio Radiance es una marca de QN Europe. Conoce nuestra historia, valores, enfoque profesional y presencia internacional en el sector del bienestar.","breadcrumb":{"@id":"https:\/\/www.physioradiance.de\/es\/sobre-nosotros\/#breadcrumb"},"inLanguage":"es","potentialAction":[{"@type":"ReadAction","target":["https:\/\/www.physioradiance.de\/es\/sobre-nosotros\/"]}]},{"@type":"ImageObject","inLanguage":"es","@id":"https:\/\/www.physioradiance.de\/es\/sobre-nosotros\/#primaryimage","url":"https:\/\/www.physioradiance.de\/wp-content\/uploads\/cropped-favicon.png","contentUrl":"https:\/\/www.physioradiance.de\/wp-content\/uploads\/cropped-favicon.png","width":512,"height":512,"caption":"Physio Radiance"},{"@type":"BreadcrumbList","@id":"https:\/\/www.physioradiance.de\/es\/sobre-nosotros\/#breadcrumb","itemListElement":[{"@type":"ListItem","position":1,"name":"Startseite","item":"https:\/\/www.physioradiance.de\/es\/"},{"@type":"ListItem","position":2,"name":"Sobre nosotros"}]},{"@type":"WebSite","@id":"https:\/\/www.physioradiance.de\/#website","url":"https:\/\/www.physioradiance.de\/","name":"Physio Radiance","description":"Wegweisende Hautpflege","publisher":{"@id":"https:\/\/www.physioradiance.de\/#organization"},"potentialAction":[{"@type":"SearchAction","target":{"@type":"EntryPoint","urlTemplate":"https:\/\/www.physioradiance.de\/?s={search_term_string}"},"query-input":{"@type":"PropertyValueSpecification","valueRequired":true,"valueName":"search_term_string"}}],"inLanguage":"es"},{"@type":"Organization","@id":"https:\/\/www.physioradiance.de\/#organization","name":"Physio Radiance","url":"https:\/\/www.physioradiance.de\/","logo":{"@type":"ImageObject","inLanguage":"es","@id":"https:\/\/www.physioradiance.de\/#\/schema\/logo\/image\/","url":"https:\/\/www.physioradiance.de\/wp-content\/uploads\/cropped-physioradiance-logo.webp","contentUrl":"https:\/\/www.physioradiance.de\/wp-content\/uploads\/cropped-physioradiance-logo.webp","width":327,"height":112,"caption":"Physio Radiance"},"image":{"@id":"https:\/\/www.physioradiance.de\/#\/schema\/logo\/image\/"}}]}},"_links":{"self":[{"href":"https:\/\/www.physioradiance.de\/es\/wp-json\/wp\/v2\/pages\/5508","targetHints":{"allow":["GET"]}}],"collection":[{"href":"https:\/\/www.physioradiance.de\/es\/wp-json\/wp\/v2\/pages"}],"about":[{"href":"https:\/\/www.physioradiance.de\/es\/wp-json\/wp\/v2\/types\/page"}],"author":[{"embeddable":true,"href":"https:\/\/www.physioradiance.de\/es\/wp-json\/wp\/v2\/users\/1"}],"replies":[{"embeddable":true,"href":"https:\/\/www.physioradiance.de\/es\/wp-json\/wp\/v2\/comments?post=5508"}],"version-history":[{"count":1,"href":"https:\/\/www.physioradiance.de\/es\/wp-json\/wp\/v2\/pages\/5508\/revisions"}],"predecessor-version":[{"id":5521,"href":"https:\/\/www.physioradiance.de\/es\/wp-json\/wp\/v2\/pages\/5508\/revisions\/5521"}],"wp:featuredmedia":[{"embeddable":true,"href":"https:\/\/www.physioradiance.de\/es\/wp-json\/wp\/v2\/media\/6078"}],"wp:attachment":[{"href":"https:\/\/www.physioradiance.de\/es\/wp-json\/wp\/v2\/media?parent=5508"}],"curies":[{"name":"wp","href":"https:\/\/api.w.org\/{rel}","templated":true}]}}