{"id":5486,"date":"2025-09-25T22:48:42","date_gmt":"2025-09-25T20:48:42","guid":{"rendered":"https:\/\/www.physioradiance.de\/blog\/"},"modified":"2025-10-01T16:23:06","modified_gmt":"2025-10-01T14:23:06","slug":"blog","status":"publish","type":"page","link":"https:\/\/www.physioradiance.de\/fr\/blog\/","title":{"rendered":"Blog"},"content":{"rendered":"\t\t<div data-elementor-type=\"wp-page\" data-elementor-id=\"5486\" class=\"elementor elementor-5486 elementor-5439\" data-elementor-post-type=\"page\">\n\t\t\t\t<div class=\"elementor-element elementor-element-e376c36 e-flex e-con-boxed e-con e-parent\" data-id=\"e376c36\" data-element_type=\"container\" data-e-type=\"container\" id=\"content\" data-settings=\"{&quot;background_background&quot;:&quot;gradient&quot;}\">\n\t\t\t\t\t<div class=\"e-con-inner\">\n\t\t<div class=\"elementor-element elementor-element-52e1bbd e-con-full animated-fast e-flex elementor-invisible e-con e-child\" data-id=\"52e1bbd\" data-element_type=\"container\" data-e-type=\"container\" data-settings=\"{&quot;background_background&quot;:&quot;classic&quot;,&quot;animation&quot;:&quot;fadeIn&quot;,&quot;animation_tablet&quot;:&quot;none&quot;}\">\n\t\t\t\t<div class=\"elementor-element elementor-element-262905c elementor-widget__width-initial elementor-widget elementor-widget-heading\" data-id=\"262905c\" data-element_type=\"widget\" data-e-type=\"widget\" data-widget_type=\"heading.default\">\n\t\t\t\t\t<h1 class=\"elementor-heading-title elementor-size-default\">Bienvenue sur le blog Physio Radiance<\/h1>\t\t\t\t<\/div>\n\t\t\t\t<div class=\"elementor-element elementor-element-e434b58 elementor-widget__width-initial elementor-widget-mobile__width-inherit elementor-widget elementor-widget-text-editor\" data-id=\"e434b58\" data-element_type=\"widget\" data-e-type=\"widget\" data-widget_type=\"text-editor.default\">\n\t\t\t\t\t\t\t\t\t<p>Dans ce blog, nous vous informons r\u00e9guli\u00e8rement sur nos produits et nos nouveaut\u00e9s.<\/p>\t\t\t\t\t\t\t\t<\/div>\n\t\t\t\t<\/div>\n\t\t<div class=\"elementor-element elementor-element-d23901d e-con-full animated-fast e-flex elementor-invisible e-con e-child\" data-id=\"d23901d\" data-element_type=\"container\" data-e-type=\"container\" data-settings=\"{&quot;background_background&quot;:&quot;classic&quot;,&quot;motion_fx_motion_fx_scrolling&quot;:&quot;yes&quot;,&quot;motion_fx_devices&quot;:[&quot;widescreen&quot;,&quot;desktop&quot;],&quot;animation&quot;:&quot;fadeInRight&quot;}\">\n\t\t\t\t<div class=\"elementor-element elementor-element-b1f388e elementor-widget elementor-widget-spacer\" data-id=\"b1f388e\" data-element_type=\"widget\" data-e-type=\"widget\" data-widget_type=\"spacer.default\">\n\t\t\t\t\t\t\t<div class=\"elementor-spacer\">\n\t\t\t<div class=\"elementor-spacer-inner\"><\/div>\n\t\t<\/div>\n\t\t\t\t\t\t<\/div>\n\t\t\t\t<\/div>\n\t\t\t\t\t<\/div>\n\t\t\t\t<\/div>\n\t\t<div class=\"elementor-element elementor-element-ba017f7 e-flex e-con-boxed e-con e-parent\" data-id=\"ba017f7\" data-element_type=\"container\" data-e-type=\"container\">\n\t\t\t\t\t<div class=\"e-con-inner\">\n\t\t\t\t<div class=\"elementor-element elementor-element-94f3199 elementor-grid-3 elementor-grid-tablet-2 elementor-grid-mobile-1 elementor-posts--thumbnail-top elementor-card-shadow-yes elementor-posts__hover-gradient elementor-widget elementor-widget-posts\" data-id=\"94f3199\" data-element_type=\"widget\" data-e-type=\"widget\" data-settings=\"{&quot;cards_row_gap&quot;:{&quot;unit&quot;:&quot;px&quot;,&quot;size&quot;:45,&quot;sizes&quot;:[]},&quot;cards_columns&quot;:&quot;3&quot;,&quot;cards_columns_tablet&quot;:&quot;2&quot;,&quot;cards_columns_mobile&quot;:&quot;1&quot;,&quot;cards_row_gap_tablet&quot;:{&quot;unit&quot;:&quot;px&quot;,&quot;size&quot;:&quot;&quot;,&quot;sizes&quot;:[]},&quot;cards_row_gap_mobile&quot;:{&quot;unit&quot;:&quot;px&quot;,&quot;size&quot;:&quot;&quot;,&quot;sizes&quot;:[]}}\" data-widget_type=\"posts.cards\">\n\t\t\t\t<div class=\"elementor-widget-container\">\n\t\t\t\t\t\t\t<div class=\"elementor-posts-container elementor-posts elementor-posts--skin-cards elementor-grid\" role=\"list\">\n\t\t\t\t<article class=\"elementor-post elementor-grid-item post-5962 post type-post status-publish format-standard has-post-thumbnail hentry category-blog-fr\" role=\"listitem\">\n\t\t\t<div class=\"elementor-post__card\">\n\t\t\t\t<a class=\"elementor-post__thumbnail__link\" href=\"https:\/\/www.physioradiance.de\/fr\/pour-retrouver-un-sourire-eclatant-et-une-bonne-sante-dentaire\/\" tabindex=\"-1\" ><div class=\"elementor-post__thumbnail\"><img fetchpriority=\"high\" decoding=\"async\" width=\"2200\" height=\"800\" src=\"https:\/\/www.physioradiance.de\/wp-content\/uploads\/qn_img_42.webp\" class=\"attachment-full size-full wp-image-5963\" alt=\"Pour retrouver un sourire \u00e9clatant et une bonne sant\u00e9 dentaire\" srcset=\"https:\/\/www.physioradiance.de\/wp-content\/uploads\/qn_img_42.webp 2200w, https:\/\/www.physioradiance.de\/wp-content\/uploads\/qn_img_42-300x109.webp 300w, https:\/\/www.physioradiance.de\/wp-content\/uploads\/qn_img_42-1024x372.webp 1024w, https:\/\/www.physioradiance.de\/wp-content\/uploads\/qn_img_42-768x279.webp 768w, https:\/\/www.physioradiance.de\/wp-content\/uploads\/qn_img_42-1536x559.webp 1536w, https:\/\/www.physioradiance.de\/wp-content\/uploads\/qn_img_42-2048x745.webp 2048w\" sizes=\"(max-width: 2200px) 100vw, 2200px\" \/><\/div><\/a>\n\t\t\t\t<div class=\"elementor-post__text\">\n\t\t\t\t<h2 class=\"elementor-post__title\">\n\t\t\t<a href=\"https:\/\/www.physioradiance.de\/fr\/pour-retrouver-un-sourire-eclatant-et-une-bonne-sante-dentaire\/\" >\n\t\t\t\tPour retrouver un sourire \u00e9clatant et une bonne sant\u00e9 dentaire\t\t\t<\/a>\n\t\t<\/h2>\n\t\t\n\t\t<a class=\"elementor-post__read-more\" href=\"https:\/\/www.physioradiance.de\/fr\/pour-retrouver-un-sourire-eclatant-et-une-bonne-sante-dentaire\/\" aria-label=\"En savoir plus sur Pour retrouver un sourire \u00e9clatant et une bonne sant\u00e9 dentaire\" tabindex=\"-1\" >\n\t\t\tLire la suite\t\t<\/a>\n\n\t\t\t\t<\/div>\n\t\t\t\t\t<\/div>\n\t\t<\/article>\n\t\t\t\t<article class=\"elementor-post elementor-grid-item post-5941 post type-post status-publish format-standard has-post-thumbnail hentry category-blog-fr\" role=\"listitem\">\n\t\t\t<div class=\"elementor-post__card\">\n\t\t\t\t<a class=\"elementor-post__thumbnail__link\" href=\"https:\/\/www.physioradiance.de\/fr\/guide-physio-radiance-visage-pour-transformer-votre-routine-de-soins-de-la-peau\/\" tabindex=\"-1\" ><div class=\"elementor-post__thumbnail\"><img decoding=\"async\" width=\"2200\" height=\"800\" src=\"https:\/\/www.physioradiance.de\/wp-content\/uploads\/qn_img_40.webp\" class=\"attachment-full size-full wp-image-5947\" alt=\"Guide Physio Radiance Visage+ pour transformer votre routine de soins de la peau\" srcset=\"https:\/\/www.physioradiance.de\/wp-content\/uploads\/qn_img_40.webp 2200w, https:\/\/www.physioradiance.de\/wp-content\/uploads\/qn_img_40-300x109.webp 300w, https:\/\/www.physioradiance.de\/wp-content\/uploads\/qn_img_40-1024x372.webp 1024w, https:\/\/www.physioradiance.de\/wp-content\/uploads\/qn_img_40-768x279.webp 768w, https:\/\/www.physioradiance.de\/wp-content\/uploads\/qn_img_40-1536x559.webp 1536w, https:\/\/www.physioradiance.de\/wp-content\/uploads\/qn_img_40-2048x745.webp 2048w\" sizes=\"(max-width: 2200px) 100vw, 2200px\" \/><\/div><\/a>\n\t\t\t\t<div class=\"elementor-post__text\">\n\t\t\t\t<h2 class=\"elementor-post__title\">\n\t\t\t<a href=\"https:\/\/www.physioradiance.de\/fr\/guide-physio-radiance-visage-pour-transformer-votre-routine-de-soins-de-la-peau\/\" >\n\t\t\t\tGuide Physio Radiance Visage+ pour transformer votre routine de soins de la peau\t\t\t<\/a>\n\t\t<\/h2>\n\t\t\n\t\t<a class=\"elementor-post__read-more\" href=\"https:\/\/www.physioradiance.de\/fr\/guide-physio-radiance-visage-pour-transformer-votre-routine-de-soins-de-la-peau\/\" aria-label=\"En savoir plus sur Guide Physio Radiance Visage+ pour transformer votre routine de soins de la peau\" tabindex=\"-1\" >\n\t\t\tLire la suite\t\t<\/a>\n\n\t\t\t\t<\/div>\n\t\t\t\t\t<\/div>\n\t\t<\/article>\n\t\t\t\t<article class=\"elementor-post elementor-grid-item post-5935 post type-post status-publish format-standard has-post-thumbnail hentry category-blog-fr\" role=\"listitem\">\n\t\t\t<div class=\"elementor-post__card\">\n\t\t\t\t<a class=\"elementor-post__thumbnail__link\" href=\"https:\/\/www.physioradiance.de\/fr\/liberer-le-pouvoir-des-habitudes-benefiques-pour-une-vie-pleine-de-succes\/\" tabindex=\"-1\" ><div class=\"elementor-post__thumbnail\"><img decoding=\"async\" width=\"1600\" height=\"800\" src=\"https:\/\/www.physioradiance.de\/wp-content\/uploads\/Physio_Glas_Skin.jpg\" class=\"attachment-full size-full wp-image-5936\" alt=\"Lib\u00e9rer le pouvoir des habitudes b\u00e9n\u00e9fiques pour une vie pleine de succ\u00e8s\" srcset=\"https:\/\/www.physioradiance.de\/wp-content\/uploads\/Physio_Glas_Skin.jpg 1600w, https:\/\/www.physioradiance.de\/wp-content\/uploads\/Physio_Glas_Skin-300x150.jpg 300w, https:\/\/www.physioradiance.de\/wp-content\/uploads\/Physio_Glas_Skin-1024x512.jpg 1024w, https:\/\/www.physioradiance.de\/wp-content\/uploads\/Physio_Glas_Skin-768x384.jpg 768w, https:\/\/www.physioradiance.de\/wp-content\/uploads\/Physio_Glas_Skin-1536x768.jpg 1536w\" sizes=\"(max-width: 1600px) 100vw, 1600px\" \/><\/div><\/a>\n\t\t\t\t<div class=\"elementor-post__text\">\n\t\t\t\t<h2 class=\"elementor-post__title\">\n\t\t\t<a href=\"https:\/\/www.physioradiance.de\/fr\/liberer-le-pouvoir-des-habitudes-benefiques-pour-une-vie-pleine-de-succes\/\" >\n\t\t\t\tLib\u00e9rer le pouvoir des habitudes b\u00e9n\u00e9fiques pour une vie pleine de succ\u00e8s\t\t\t<\/a>\n\t\t<\/h2>\n\t\t\n\t\t<a class=\"elementor-post__read-more\" href=\"https:\/\/www.physioradiance.de\/fr\/liberer-le-pouvoir-des-habitudes-benefiques-pour-une-vie-pleine-de-succes\/\" aria-label=\"En savoir plus sur Lib\u00e9rer le pouvoir des habitudes b\u00e9n\u00e9fiques pour une vie pleine de succ\u00e8s\" tabindex=\"-1\" >\n\t\t\tLire la suite\t\t<\/a>\n\n\t\t\t\t<\/div>\n\t\t\t\t\t<\/div>\n\t\t<\/article>\n\t\t\t\t<article class=\"elementor-post elementor-grid-item post-5904 post type-post status-publish format-standard has-post-thumbnail hentry category-blog-fr\" role=\"listitem\">\n\t\t\t<div class=\"elementor-post__card\">\n\t\t\t\t<a class=\"elementor-post__thumbnail__link\" href=\"https:\/\/www.physioradiance.de\/fr\/conseils-de-soins-estivaux-pour-une-peau-saine-et-eclatante\/\" tabindex=\"-1\" ><div class=\"elementor-post__thumbnail\"><img loading=\"lazy\" decoding=\"async\" width=\"1200\" height=\"675\" src=\"https:\/\/www.physioradiance.de\/wp-content\/uploads\/SummerSkin1.jpg\" class=\"attachment-full size-full wp-image-5907\" alt=\"Conseils de soins estivaux pour une peau saine et \u00e9clatante\" srcset=\"https:\/\/www.physioradiance.de\/wp-content\/uploads\/SummerSkin1.jpg 1200w, https:\/\/www.physioradiance.de\/wp-content\/uploads\/SummerSkin1-300x169.jpg 300w, https:\/\/www.physioradiance.de\/wp-content\/uploads\/SummerSkin1-1024x576.jpg 1024w, https:\/\/www.physioradiance.de\/wp-content\/uploads\/SummerSkin1-768x432.jpg 768w\" sizes=\"(max-width: 1200px) 100vw, 1200px\" \/><\/div><\/a>\n\t\t\t\t<div class=\"elementor-post__text\">\n\t\t\t\t<h2 class=\"elementor-post__title\">\n\t\t\t<a href=\"https:\/\/www.physioradiance.de\/fr\/conseils-de-soins-estivaux-pour-une-peau-saine-et-eclatante\/\" >\n\t\t\t\tConseils de soins estivaux pour une peau saine et \u00e9clatante\t\t\t<\/a>\n\t\t<\/h2>\n\t\t\n\t\t<a class=\"elementor-post__read-more\" href=\"https:\/\/www.physioradiance.de\/fr\/conseils-de-soins-estivaux-pour-une-peau-saine-et-eclatante\/\" aria-label=\"En savoir plus sur Conseils de soins estivaux pour une peau saine et \u00e9clatante\" tabindex=\"-1\" >\n\t\t\tLire la suite\t\t<\/a>\n\n\t\t\t\t<\/div>\n\t\t\t\t\t<\/div>\n\t\t<\/article>\n\t\t\t\t<article class=\"elementor-post elementor-grid-item post-5879 post type-post status-publish format-standard has-post-thumbnail hentry category-blog-fr\" role=\"listitem\">\n\t\t\t<div class=\"elementor-post__card\">\n\t\t\t\t<a class=\"elementor-post__thumbnail__link\" href=\"https:\/\/www.physioradiance.de\/fr\/la-routine-ultime-de-soins-de-la-peau-pour-les-femmes-de-tous-ages\/\" tabindex=\"-1\" ><div class=\"elementor-post__thumbnail\"><img loading=\"lazy\" decoding=\"async\" width=\"1200\" height=\"675\" src=\"https:\/\/www.physioradiance.de\/wp-content\/uploads\/SkincareRoutine_1.jpg\" class=\"attachment-full size-full wp-image-5880\" alt=\"Physio Radiance\" srcset=\"https:\/\/www.physioradiance.de\/wp-content\/uploads\/SkincareRoutine_1.jpg 1200w, https:\/\/www.physioradiance.de\/wp-content\/uploads\/SkincareRoutine_1-300x169.jpg 300w, https:\/\/www.physioradiance.de\/wp-content\/uploads\/SkincareRoutine_1-1024x576.jpg 1024w, https:\/\/www.physioradiance.de\/wp-content\/uploads\/SkincareRoutine_1-768x432.jpg 768w\" sizes=\"(max-width: 1200px) 100vw, 1200px\" \/><\/div><\/a>\n\t\t\t\t<div class=\"elementor-post__text\">\n\t\t\t\t<h2 class=\"elementor-post__title\">\n\t\t\t<a href=\"https:\/\/www.physioradiance.de\/fr\/la-routine-ultime-de-soins-de-la-peau-pour-les-femmes-de-tous-ages\/\" >\n\t\t\t\tLa routine ultime de soins de la peau pour les femmes de tous \u00e2ges\t\t\t<\/a>\n\t\t<\/h2>\n\t\t\n\t\t<a class=\"elementor-post__read-more\" href=\"https:\/\/www.physioradiance.de\/fr\/la-routine-ultime-de-soins-de-la-peau-pour-les-femmes-de-tous-ages\/\" aria-label=\"En savoir plus sur La routine ultime de soins de la peau pour les femmes de tous \u00e2ges\" tabindex=\"-1\" >\n\t\t\tLire la suite\t\t<\/a>\n\n\t\t\t\t<\/div>\n\t\t\t\t\t<\/div>\n\t\t<\/article>\n\t\t\t\t<article class=\"elementor-post elementor-grid-item post-5888 post type-post status-publish format-standard has-post-thumbnail hentry category-blog-fr\" role=\"listitem\">\n\t\t\t<div class=\"elementor-post__card\">\n\t\t\t\t<a class=\"elementor-post__thumbnail__link\" href=\"https:\/\/www.physioradiance.de\/fr\/ingredients-a-surveiller\/\" tabindex=\"-1\" ><div class=\"elementor-post__thumbnail\"><img loading=\"lazy\" decoding=\"async\" width=\"1600\" height=\"800\" src=\"https:\/\/www.physioradiance.de\/wp-content\/uploads\/Inahltstoffe.jpg\" class=\"attachment-full size-full wp-image-5889\" alt=\"Produit Physio Radiance\" srcset=\"https:\/\/www.physioradiance.de\/wp-content\/uploads\/Inahltstoffe.jpg 1600w, https:\/\/www.physioradiance.de\/wp-content\/uploads\/Inahltstoffe-300x150.jpg 300w, https:\/\/www.physioradiance.de\/wp-content\/uploads\/Inahltstoffe-1024x512.jpg 1024w, https:\/\/www.physioradiance.de\/wp-content\/uploads\/Inahltstoffe-768x384.jpg 768w, https:\/\/www.physioradiance.de\/wp-content\/uploads\/Inahltstoffe-1536x768.jpg 1536w\" sizes=\"(max-width: 1600px) 100vw, 1600px\" \/><\/div><\/a>\n\t\t\t\t<div class=\"elementor-post__text\">\n\t\t\t\t<h2 class=\"elementor-post__title\">\n\t\t\t<a href=\"https:\/\/www.physioradiance.de\/fr\/ingredients-a-surveiller\/\" >\n\t\t\t\tIngr\u00e9dients \u00e0 surveiller\t\t\t<\/a>\n\t\t<\/h2>\n\t\t\n\t\t<a class=\"elementor-post__read-more\" href=\"https:\/\/www.physioradiance.de\/fr\/ingredients-a-surveiller\/\" aria-label=\"En savoir plus sur Ingr\u00e9dients \u00e0 surveiller\" tabindex=\"-1\" >\n\t\t\tLire la suite\t\t<\/a>\n\n\t\t\t\t<\/div>\n\t\t\t\t\t<\/div>\n\t\t<\/article>\n\t\t\t\t<\/div>\n\t\t\n\t\t\t\t\t\t<\/div>\n\t\t\t\t<\/div>\n\t\t\t\t\t<\/div>\n\t\t\t\t<\/div>\n\t\t\t\t<\/div>\n\t\t","protected":false},"excerpt":{"rendered":"<p>Bienvenue sur le blog Physio Radiance Dans ce blog, nous vous informons r\u00e9guli\u00e8rement sur nos produits et nos nouveaut\u00e9s.<\/p>\n","protected":false},"author":1,"featured_media":6076,"parent":0,"menu_order":0,"comment_status":"closed","ping_status":"closed","template":"elementor_header_footer","meta":{"footnotes":""},"class_list":["post-5486","page","type-page","status-publish","has-post-thumbnail","hentry"],"yoast_head":"<!-- This site is optimized with the Yoast SEO plugin v27.4 - https:\/\/yoast.com\/product\/yoast-seo-wordpress\/ -->\n<title>Blog - Physio Radiance<\/title>\n<meta name=\"robots\" content=\"index, follow, max-snippet:-1, max-image-preview:large, max-video-preview:-1\" \/>\n<link rel=\"canonical\" href=\"https:\/\/www.physioradiance.de\/fr\/blog\/\" \/>\n<meta property=\"og:locale\" content=\"fr_FR\" \/>\n<meta property=\"og:type\" content=\"article\" \/>\n<meta property=\"og:title\" content=\"Blog - Physio Radiance\" \/>\n<meta property=\"og:description\" content=\"Bienvenue sur le blog Physio Radiance Dans ce blog, nous vous informons r\u00e9guli\u00e8rement sur nos produits et nos nouveaut\u00e9s.\" \/>\n<meta property=\"og:url\" content=\"https:\/\/www.physioradiance.de\/fr\/blog\/\" \/>\n<meta property=\"og:site_name\" content=\"Physio Radiance\" \/>\n<meta property=\"article:modified_time\" content=\"2025-10-01T14:23:06+00:00\" \/>\n<meta property=\"og:image\" content=\"https:\/\/www.physioradiance.de\/wp-content\/uploads\/cropped-favicon.png\" \/>\n\t<meta property=\"og:image:width\" content=\"512\" \/>\n\t<meta property=\"og:image:height\" content=\"512\" \/>\n\t<meta property=\"og:image:type\" content=\"image\/png\" \/>\n<meta name=\"twitter:card\" content=\"summary_large_image\" \/>\n<script type=\"application\/ld+json\" class=\"yoast-schema-graph\">{\"@context\":\"https:\\\/\\\/schema.org\",\"@graph\":[{\"@type\":\"WebPage\",\"@id\":\"https:\\\/\\\/www.physioradiance.de\\\/fr\\\/blog\\\/\",\"url\":\"https:\\\/\\\/www.physioradiance.de\\\/fr\\\/blog\\\/\",\"name\":\"Blog - Physio Radiance\",\"isPartOf\":{\"@id\":\"https:\\\/\\\/www.physioradiance.de\\\/#website\"},\"primaryImageOfPage\":{\"@id\":\"https:\\\/\\\/www.physioradiance.de\\\/fr\\\/blog\\\/#primaryimage\"},\"image\":{\"@id\":\"https:\\\/\\\/www.physioradiance.de\\\/fr\\\/blog\\\/#primaryimage\"},\"thumbnailUrl\":\"https:\\\/\\\/www.physioradiance.de\\\/wp-content\\\/uploads\\\/cropped-favicon.png\",\"datePublished\":\"2025-09-25T20:48:42+00:00\",\"dateModified\":\"2025-10-01T14:23:06+00:00\",\"breadcrumb\":{\"@id\":\"https:\\\/\\\/www.physioradiance.de\\\/fr\\\/blog\\\/#breadcrumb\"},\"inLanguage\":\"fr-FR\",\"potentialAction\":[{\"@type\":\"ReadAction\",\"target\":[\"https:\\\/\\\/www.physioradiance.de\\\/fr\\\/blog\\\/\"]}]},{\"@type\":\"ImageObject\",\"inLanguage\":\"fr-FR\",\"@id\":\"https:\\\/\\\/www.physioradiance.de\\\/fr\\\/blog\\\/#primaryimage\",\"url\":\"https:\\\/\\\/www.physioradiance.de\\\/wp-content\\\/uploads\\\/cropped-favicon.png\",\"contentUrl\":\"https:\\\/\\\/www.physioradiance.de\\\/wp-content\\\/uploads\\\/cropped-favicon.png\",\"width\":512,\"height\":512,\"caption\":\"Physio Radiance\"},{\"@type\":\"BreadcrumbList\",\"@id\":\"https:\\\/\\\/www.physioradiance.de\\\/fr\\\/blog\\\/#breadcrumb\",\"itemListElement\":[{\"@type\":\"ListItem\",\"position\":1,\"name\":\"Startseite\",\"item\":\"https:\\\/\\\/www.physioradiance.de\\\/fr\\\/\"},{\"@type\":\"ListItem\",\"position\":2,\"name\":\"Blog\"}]},{\"@type\":\"WebSite\",\"@id\":\"https:\\\/\\\/www.physioradiance.de\\\/#website\",\"url\":\"https:\\\/\\\/www.physioradiance.de\\\/\",\"name\":\"Physio Radiance\",\"description\":\"Wegweisende Hautpflege\",\"publisher\":{\"@id\":\"https:\\\/\\\/www.physioradiance.de\\\/#organization\"},\"potentialAction\":[{\"@type\":\"SearchAction\",\"target\":{\"@type\":\"EntryPoint\",\"urlTemplate\":\"https:\\\/\\\/www.physioradiance.de\\\/?s={search_term_string}\"},\"query-input\":{\"@type\":\"PropertyValueSpecification\",\"valueRequired\":true,\"valueName\":\"search_term_string\"}}],\"inLanguage\":\"fr-FR\"},{\"@type\":\"Organization\",\"@id\":\"https:\\\/\\\/www.physioradiance.de\\\/#organization\",\"name\":\"Physio Radiance\",\"url\":\"https:\\\/\\\/www.physioradiance.de\\\/\",\"logo\":{\"@type\":\"ImageObject\",\"inLanguage\":\"fr-FR\",\"@id\":\"https:\\\/\\\/www.physioradiance.de\\\/#\\\/schema\\\/logo\\\/image\\\/\",\"url\":\"https:\\\/\\\/www.physioradiance.de\\\/wp-content\\\/uploads\\\/cropped-physioradiance-logo.webp\",\"contentUrl\":\"https:\\\/\\\/www.physioradiance.de\\\/wp-content\\\/uploads\\\/cropped-physioradiance-logo.webp\",\"width\":327,\"height\":112,\"caption\":\"Physio Radiance\"},\"image\":{\"@id\":\"https:\\\/\\\/www.physioradiance.de\\\/#\\\/schema\\\/logo\\\/image\\\/\"}}]}<\/script>\n<!-- \/ Yoast SEO plugin. -->","yoast_head_json":{"title":"Blog - Physio Radiance","robots":{"index":"index","follow":"follow","max-snippet":"max-snippet:-1","max-image-preview":"max-image-preview:large","max-video-preview":"max-video-preview:-1"},"canonical":"https:\/\/www.physioradiance.de\/fr\/blog\/","og_locale":"fr_FR","og_type":"article","og_title":"Blog - Physio Radiance","og_description":"Bienvenue sur le blog Physio Radiance Dans ce blog, nous vous informons r\u00e9guli\u00e8rement sur nos produits et nos nouveaut\u00e9s.","og_url":"https:\/\/www.physioradiance.de\/fr\/blog\/","og_site_name":"Physio Radiance","article_modified_time":"2025-10-01T14:23:06+00:00","og_image":[{"width":512,"height":512,"url":"https:\/\/www.physioradiance.de\/wp-content\/uploads\/cropped-favicon.png","type":"image\/png"}],"twitter_card":"summary_large_image","schema":{"@context":"https:\/\/schema.org","@graph":[{"@type":"WebPage","@id":"https:\/\/www.physioradiance.de\/fr\/blog\/","url":"https:\/\/www.physioradiance.de\/fr\/blog\/","name":"Blog - Physio Radiance","isPartOf":{"@id":"https:\/\/www.physioradiance.de\/#website"},"primaryImageOfPage":{"@id":"https:\/\/www.physioradiance.de\/fr\/blog\/#primaryimage"},"image":{"@id":"https:\/\/www.physioradiance.de\/fr\/blog\/#primaryimage"},"thumbnailUrl":"https:\/\/www.physioradiance.de\/wp-content\/uploads\/cropped-favicon.png","datePublished":"2025-09-25T20:48:42+00:00","dateModified":"2025-10-01T14:23:06+00:00","breadcrumb":{"@id":"https:\/\/www.physioradiance.de\/fr\/blog\/#breadcrumb"},"inLanguage":"fr-FR","potentialAction":[{"@type":"ReadAction","target":["https:\/\/www.physioradiance.de\/fr\/blog\/"]}]},{"@type":"ImageObject","inLanguage":"fr-FR","@id":"https:\/\/www.physioradiance.de\/fr\/blog\/#primaryimage","url":"https:\/\/www.physioradiance.de\/wp-content\/uploads\/cropped-favicon.png","contentUrl":"https:\/\/www.physioradiance.de\/wp-content\/uploads\/cropped-favicon.png","width":512,"height":512,"caption":"Physio Radiance"},{"@type":"BreadcrumbList","@id":"https:\/\/www.physioradiance.de\/fr\/blog\/#breadcrumb","itemListElement":[{"@type":"ListItem","position":1,"name":"Startseite","item":"https:\/\/www.physioradiance.de\/fr\/"},{"@type":"ListItem","position":2,"name":"Blog"}]},{"@type":"WebSite","@id":"https:\/\/www.physioradiance.de\/#website","url":"https:\/\/www.physioradiance.de\/","name":"Physio Radiance","description":"Wegweisende Hautpflege","publisher":{"@id":"https:\/\/www.physioradiance.de\/#organization"},"potentialAction":[{"@type":"SearchAction","target":{"@type":"EntryPoint","urlTemplate":"https:\/\/www.physioradiance.de\/?s={search_term_string}"},"query-input":{"@type":"PropertyValueSpecification","valueRequired":true,"valueName":"search_term_string"}}],"inLanguage":"fr-FR"},{"@type":"Organization","@id":"https:\/\/www.physioradiance.de\/#organization","name":"Physio Radiance","url":"https:\/\/www.physioradiance.de\/","logo":{"@type":"ImageObject","inLanguage":"fr-FR","@id":"https:\/\/www.physioradiance.de\/#\/schema\/logo\/image\/","url":"https:\/\/www.physioradiance.de\/wp-content\/uploads\/cropped-physioradiance-logo.webp","contentUrl":"https:\/\/www.physioradiance.de\/wp-content\/uploads\/cropped-physioradiance-logo.webp","width":327,"height":112,"caption":"Physio Radiance"},"image":{"@id":"https:\/\/www.physioradiance.de\/#\/schema\/logo\/image\/"}}]}},"_links":{"self":[{"href":"https:\/\/www.physioradiance.de\/fr\/wp-json\/wp\/v2\/pages\/5486","targetHints":{"allow":["GET"]}}],"collection":[{"href":"https:\/\/www.physioradiance.de\/fr\/wp-json\/wp\/v2\/pages"}],"about":[{"href":"https:\/\/www.physioradiance.de\/fr\/wp-json\/wp\/v2\/types\/page"}],"author":[{"embeddable":true,"href":"https:\/\/www.physioradiance.de\/fr\/wp-json\/wp\/v2\/users\/1"}],"replies":[{"embeddable":true,"href":"https:\/\/www.physioradiance.de\/fr\/wp-json\/wp\/v2\/comments?post=5486"}],"version-history":[{"count":1,"href":"https:\/\/www.physioradiance.de\/fr\/wp-json\/wp\/v2\/pages\/5486\/revisions"}],"predecessor-version":[{"id":5491,"href":"https:\/\/www.physioradiance.de\/fr\/wp-json\/wp\/v2\/pages\/5486\/revisions\/5491"}],"wp:featuredmedia":[{"embeddable":true,"href":"https:\/\/www.physioradiance.de\/fr\/wp-json\/wp\/v2\/media\/6076"}],"wp:attachment":[{"href":"https:\/\/www.physioradiance.de\/fr\/wp-json\/wp\/v2\/media?parent=5486"}],"curies":[{"name":"wp","href":"https:\/\/api.w.org\/{rel}","templated":true}]}}