{"id":5548,"date":"2025-09-20T17:04:38","date_gmt":"2025-09-20T15:04:38","guid":{"rendered":"https:\/\/www.physioradiance.de\/contact\/"},"modified":"2025-10-01T18:53:31","modified_gmt":"2025-10-01T16:53:31","slug":"contact","status":"publish","type":"page","link":"https:\/\/www.physioradiance.de\/fr\/contact\/","title":{"rendered":"Contact"},"content":{"rendered":"\t\t<div data-elementor-type=\"wp-page\" data-elementor-id=\"5548\" class=\"elementor elementor-5548 elementor-97\" data-elementor-post-type=\"page\">\n\t\t\t\t<div class=\"elementor-element elementor-element-ab0d5aa e-flex e-con-boxed e-con e-parent\" data-id=\"ab0d5aa\" data-element_type=\"container\" data-e-type=\"container\" id=\"content\" data-settings=\"{&quot;background_background&quot;:&quot;gradient&quot;}\">\n\t\t\t\t\t<div class=\"e-con-inner\">\n\t\t<div class=\"elementor-element elementor-element-f7683e8 e-con-full animated-fast e-flex elementor-invisible e-con e-child\" data-id=\"f7683e8\" data-element_type=\"container\" data-e-type=\"container\" data-settings=\"{&quot;background_background&quot;:&quot;classic&quot;,&quot;animation&quot;:&quot;fadeIn&quot;,&quot;animation_tablet&quot;:&quot;none&quot;}\">\n\t\t\t\t<div class=\"elementor-element elementor-element-256582f elementor-widget__width-initial elementor-widget elementor-widget-heading\" data-id=\"256582f\" data-element_type=\"widget\" data-e-type=\"widget\" data-widget_type=\"heading.default\">\n\t\t\t\t\t<h1 class=\"elementor-heading-title elementor-size-default\">CONTACT<\/h1>\t\t\t\t<\/div>\n\t\t\t\t<div class=\"elementor-element elementor-element-acc2baf elementor-widget__width-initial elementor-widget-mobile__width-inherit elementor-widget elementor-widget-text-editor\" data-id=\"acc2baf\" data-element_type=\"widget\" data-e-type=\"widget\" data-widget_type=\"text-editor.default\">\n\t\t\t\t\t\t\t\t\t<p>Vous avez des questions sur nos produits, une demande de garantie ou vous souhaitez nous faire part de vos commentaires ? N&rsquo;h\u00e9sitez pas \u00e0 nous contacter !<\/p>\t\t\t\t\t\t\t\t<\/div>\n\t\t\t\t<\/div>\n\t\t<div class=\"elementor-element elementor-element-11c5b13 e-con-full animated-fast e-flex elementor-invisible e-con e-child\" data-id=\"11c5b13\" data-element_type=\"container\" data-e-type=\"container\" data-settings=\"{&quot;background_background&quot;:&quot;classic&quot;,&quot;motion_fx_motion_fx_scrolling&quot;:&quot;yes&quot;,&quot;motion_fx_devices&quot;:[&quot;widescreen&quot;,&quot;desktop&quot;],&quot;animation&quot;:&quot;fadeInRight&quot;}\">\n\t\t\t\t<div class=\"elementor-element elementor-element-7d04138 elementor-widget elementor-widget-spacer\" data-id=\"7d04138\" data-element_type=\"widget\" data-e-type=\"widget\" data-widget_type=\"spacer.default\">\n\t\t\t\t\t\t\t<div class=\"elementor-spacer\">\n\t\t\t<div class=\"elementor-spacer-inner\"><\/div>\n\t\t<\/div>\n\t\t\t\t\t\t<\/div>\n\t\t\t\t<\/div>\n\t\t\t\t\t<\/div>\n\t\t\t\t<\/div>\n\t\t<div class=\"elementor-element elementor-element-21373c7d e-flex e-con-boxed e-con e-parent\" data-id=\"21373c7d\" data-element_type=\"container\" data-e-type=\"container\" data-settings=\"{&quot;background_background&quot;:&quot;classic&quot;}\">\n\t\t\t\t\t<div class=\"e-con-inner\">\n\t\t<div class=\"elementor-element elementor-element-1c899286 animated-fast e-flex e-con-boxed elementor-invisible e-con e-child\" data-id=\"1c899286\" data-element_type=\"container\" data-e-type=\"container\" data-settings=\"{&quot;animation&quot;:&quot;fadeIn&quot;,&quot;animation_delay&quot;:500}\">\n\t\t\t\t\t<div class=\"e-con-inner\">\n\t\t\t\t<div class=\"elementor-element elementor-element-52b2e681 elementor-widget__width-initial animated-fast elementor-invisible elementor-widget elementor-widget-heading\" data-id=\"52b2e681\" data-element_type=\"widget\" data-e-type=\"widget\" data-settings=\"{&quot;_animation&quot;:&quot;fadeIn&quot;,&quot;_animation_tablet&quot;:&quot;none&quot;}\" data-widget_type=\"heading.default\">\n\t\t\t\t\t<p class=\"elementor-heading-title elementor-size-default\">Remplissez le formulaire de contact et nous vous r\u00e9pondrons dans les plus brefs d\u00e9lais.\n\nMerci beaucoup !<\/p>\t\t\t\t<\/div>\n\t\t\t\t\t<\/div>\n\t\t\t\t<\/div>\n\t\t<div class=\"elementor-element elementor-element-5daff1d6 e-con-full animated-fast e-flex elementor-invisible e-con e-child\" data-id=\"5daff1d6\" data-element_type=\"container\" data-e-type=\"container\" data-settings=\"{&quot;background_background&quot;:&quot;classic&quot;,&quot;animation&quot;:&quot;fadeIn&quot;,&quot;animation_delay&quot;:750,&quot;animation_tablet&quot;:&quot;none&quot;}\">\n\t\t\t\t<div class=\"elementor-element elementor-element-692f6365 elementor-widget elementor-widget-heading\" data-id=\"692f6365\" data-element_type=\"widget\" data-e-type=\"widget\" data-widget_type=\"heading.default\">\n\t\t\t\t\t<h2 class=\"elementor-heading-title elementor-size-default\">CONTACTEZ-NOUS<\/h2>\t\t\t\t<\/div>\n\t\t<div class=\"elementor-element elementor-element-5fc8cc2c e-con-full e-flex e-con e-child\" data-id=\"5fc8cc2c\" data-element_type=\"container\" data-e-type=\"container\">\n\t\t\t\t<div class=\"elementor-element elementor-element-48c12892 elementor-widget__width-inherit elementor-button-align-stretch elementor-widget elementor-widget-form\" data-id=\"48c12892\" data-element_type=\"widget\" data-e-type=\"widget\" data-settings=\"{&quot;step_next_label&quot;:&quot;Suivant&quot;,&quot;step_previous_label&quot;:&quot;Previous&quot;,&quot;button_width&quot;:&quot;100&quot;,&quot;step_type&quot;:&quot;number_text&quot;,&quot;step_icon_shape&quot;:&quot;circle&quot;}\" data-widget_type=\"form.default\">\n\t\t\t\t\t\t\t<form class=\"elementor-form\" method=\"post\" name=\"Formulaire de contact\" aria-label=\"Formulaire de contact\">\n\t\t\t<input type=\"hidden\" name=\"post_id\" value=\"5548\"\/>\n\t\t\t<input type=\"hidden\" name=\"form_id\" value=\"48c12892\"\/>\n\t\t\t<input type=\"hidden\" name=\"referer_title\" value=\"Physio Radiance\" \/>\n\n\t\t\t\n\t\t\t<div class=\"elementor-form-fields-wrapper elementor-labels-above\">\n\t\t\t\t\t\t\t\t<div class=\"elementor-field-type-text elementor-field-group elementor-column elementor-field-group-vorname elementor-col-50 elementor-field-required elementor-mark-required\">\n\t\t\t\t\t\t\t\t\t\t\t\t<label for=\"form-field-vorname\" class=\"elementor-field-label\">\n\t\t\t\t\t\t\t\tPr\u00e9nom\t\t\t\t\t\t\t<\/label>\n\t\t\t\t\t\t\t\t\t\t\t\t\t\t<input size=\"1\" type=\"text\" name=\"form_fields[vorname]\" id=\"form-field-vorname\" class=\"elementor-field elementor-size-lg  elementor-field-textual\" required=\"required\">\n\t\t\t\t\t\t\t\t\t\t\t<\/div>\n\t\t\t\t\t\t\t\t<div class=\"elementor-field-type-text elementor-field-group elementor-column elementor-field-group-nachname elementor-col-50 elementor-field-required elementor-mark-required\">\n\t\t\t\t\t\t\t\t\t\t\t\t<label for=\"form-field-nachname\" class=\"elementor-field-label\">\n\t\t\t\t\t\t\t\tNom de famille\t\t\t\t\t\t\t<\/label>\n\t\t\t\t\t\t\t\t\t\t\t\t\t\t<input size=\"1\" type=\"text\" name=\"form_fields[nachname]\" id=\"form-field-nachname\" class=\"elementor-field elementor-size-lg  elementor-field-textual\" required=\"required\">\n\t\t\t\t\t\t\t\t\t\t\t<\/div>\n\t\t\t\t\t\t\t\t<div class=\"elementor-field-type-email elementor-field-group elementor-column elementor-field-group-email elementor-col-50 elementor-field-required elementor-mark-required\">\n\t\t\t\t\t\t\t\t\t\t\t\t<label for=\"form-field-email\" class=\"elementor-field-label\">\n\t\t\t\t\t\t\t\tE-mail\t\t\t\t\t\t\t<\/label>\n\t\t\t\t\t\t\t\t\t\t\t\t\t\t<input size=\"1\" type=\"email\" name=\"form_fields[email]\" id=\"form-field-email\" class=\"elementor-field elementor-size-lg  elementor-field-textual\" required=\"required\">\n\t\t\t\t\t\t\t\t\t\t\t<\/div>\n\t\t\t\t\t\t\t\t<div class=\"elementor-field-type-text elementor-field-group elementor-column elementor-field-group-telefonnummer elementor-col-50\">\n\t\t\t\t\t\t\t\t\t\t\t\t<label for=\"form-field-telefonnummer\" class=\"elementor-field-label\">\n\t\t\t\t\t\t\t\tNum\u00e9ro de t\u00e9l\u00e9phone\t\t\t\t\t\t\t<\/label>\n\t\t\t\t\t\t\t\t\t\t\t\t\t\t<input size=\"1\" type=\"text\" name=\"form_fields[telefonnummer]\" id=\"form-field-telefonnummer\" class=\"elementor-field elementor-size-lg  elementor-field-textual\">\n\t\t\t\t\t\t\t\t\t\t\t<\/div>\n\t\t\t\t\t\t\t\t<div class=\"elementor-field-type-textarea elementor-field-group elementor-column elementor-field-group-nachricht elementor-col-100 elementor-field-required elementor-mark-required\">\n\t\t\t\t\t\t\t\t\t\t\t\t<label for=\"form-field-nachricht\" class=\"elementor-field-label\">\n\t\t\t\t\t\t\t\tVotre message\t\t\t\t\t\t\t<\/label>\n\t\t\t\t\t\t<textarea class=\"elementor-field-textual elementor-field  elementor-size-lg\" name=\"form_fields[nachricht]\" id=\"form-field-nachricht\" rows=\"5\" required=\"required\"><\/textarea>\t\t\t\t<\/div>\n\t\t\t\t\t\t\t\t<div class=\"elementor-field-type-number elementor-field-group elementor-column elementor-field-group-field_95532f7 elementor-col-25 elementor-field-required elementor-mark-required\">\n\t\t\t\t\t\t\t\t\t\t\t\t<label for=\"form-field-field_95532f7\" class=\"elementor-field-label\">\n\t\t\t\t\t\t\t\t4 + 2 = ?\t\t\t\t\t\t\t<\/label>\n\t\t\t\t\t\t\t\t\t<input type=\"number\" name=\"form_fields[field_95532f7]\" id=\"form-field-field_95532f7\" class=\"elementor-field elementor-size-lg  elementor-field-textual\" required=\"required\" min=\"6\" max=\"6\" >\n\t\t\t\t\t\t<\/div>\n\t\t\t\t\t\t\t\t<div class=\"elementor-field-type-html elementor-field-group elementor-column elementor-field-group-field_1d2e1ef elementor-col-100\">\n\t\t\t\t\t<div class=\"datenschutz-wrapper\">\n  <input type=\"checkbox\" id=\"datenschutzkontakt\" name=\"datenschutzkontakt\" required=\"\">\n  <label for=\"datenschutzkontakt\">\n  J'ai pris connaissance de la <a href=\"https:\/\/www.physioradiance.de\/fr\/declaration-de-confidentialite\/\" target=\"_blank\" rel=\"noopener noreferrer\">d\u00e9claration de confidentialit\u00e9<\/a>.\n  <\/label>\n<\/div>\t\t\t\t<\/div>\n\t\t\t\t\t\t\t\t<div class=\"elementor-field-group elementor-column elementor-field-type-submit elementor-col-100 e-form__buttons\">\n\t\t\t\t\t<button class=\"elementor-button elementor-size-sm\" type=\"submit\">\n\t\t\t\t\t\t<span class=\"elementor-button-content-wrapper\">\n\t\t\t\t\t\t\t\t\t\t\t\t\t\t\t\t\t\t\t\t\t\t<span class=\"elementor-button-text\">Envoyer<\/span>\n\t\t\t\t\t\t\t\t\t\t\t\t\t<\/span>\n\t\t\t\t\t<\/button>\n\t\t\t\t<\/div>\n\t\t\t<\/div>\n\t\t<\/form>\n\t\t\t\t\t\t<\/div>\n\t\t\t\t<\/div>\n\t\t\t\t<\/div>\n\t\t\t\t\t<\/div>\n\t\t\t\t<\/div>\n\t\t\t\t<\/div>\n\t\t","protected":false},"excerpt":{"rendered":"<p>CONTACT Vous avez des questions sur nos produits, une demande de garantie ou vous souhaitez nous faire part de vos commentaires ? N&rsquo;h\u00e9sitez pas \u00e0 nous contacter ! Remplissez le formulaire de contact et nous vous r\u00e9pondrons dans les plus brefs d\u00e9lais. Merci beaucoup ! CONTACTEZ-NOUS<\/p>\n","protected":false},"author":1,"featured_media":6076,"parent":0,"menu_order":0,"comment_status":"closed","ping_status":"closed","template":"elementor_header_footer","meta":{"footnotes":""},"class_list":["post-5548","page","type-page","status-publish","has-post-thumbnail","hentry"],"yoast_head":"<!-- This site is optimized with the Yoast SEO plugin v27.4 - https:\/\/yoast.com\/product\/yoast-seo-wordpress\/ -->\n<title>Contact - Physio Radiance<\/title>\n<meta name=\"robots\" content=\"index, follow, max-snippet:-1, max-image-preview:large, max-video-preview:-1\" \/>\n<link rel=\"canonical\" href=\"https:\/\/www.physioradiance.de\/fr\/contact\/\" \/>\n<meta property=\"og:locale\" content=\"fr_FR\" \/>\n<meta property=\"og:type\" content=\"article\" \/>\n<meta property=\"og:title\" content=\"Contact - Physio Radiance\" \/>\n<meta property=\"og:description\" content=\"CONTACT Vous avez des questions sur nos produits, une demande de garantie ou vous souhaitez nous faire part de vos commentaires ? N&rsquo;h\u00e9sitez pas \u00e0 nous contacter ! Remplissez le formulaire de contact et nous vous r\u00e9pondrons dans les plus brefs d\u00e9lais. Merci beaucoup ! CONTACTEZ-NOUS\" \/>\n<meta property=\"og:url\" content=\"https:\/\/www.physioradiance.de\/fr\/contact\/\" \/>\n<meta property=\"og:site_name\" content=\"Physio Radiance\" \/>\n<meta property=\"article:modified_time\" content=\"2025-10-01T16:53:31+00:00\" \/>\n<meta property=\"og:image\" content=\"https:\/\/www.physioradiance.de\/wp-content\/uploads\/cropped-favicon.png\" \/>\n\t<meta property=\"og:image:width\" content=\"512\" \/>\n\t<meta property=\"og:image:height\" content=\"512\" \/>\n\t<meta property=\"og:image:type\" content=\"image\/png\" \/>\n<meta name=\"twitter:card\" content=\"summary_large_image\" \/>\n<script type=\"application\/ld+json\" class=\"yoast-schema-graph\">{\"@context\":\"https:\\\/\\\/schema.org\",\"@graph\":[{\"@type\":\"WebPage\",\"@id\":\"https:\\\/\\\/www.physioradiance.de\\\/fr\\\/contact\\\/\",\"url\":\"https:\\\/\\\/www.physioradiance.de\\\/fr\\\/contact\\\/\",\"name\":\"Contact - Physio Radiance\",\"isPartOf\":{\"@id\":\"https:\\\/\\\/www.physioradiance.de\\\/#website\"},\"primaryImageOfPage\":{\"@id\":\"https:\\\/\\\/www.physioradiance.de\\\/fr\\\/contact\\\/#primaryimage\"},\"image\":{\"@id\":\"https:\\\/\\\/www.physioradiance.de\\\/fr\\\/contact\\\/#primaryimage\"},\"thumbnailUrl\":\"https:\\\/\\\/www.physioradiance.de\\\/wp-content\\\/uploads\\\/cropped-favicon.png\",\"datePublished\":\"2025-09-20T15:04:38+00:00\",\"dateModified\":\"2025-10-01T16:53:31+00:00\",\"breadcrumb\":{\"@id\":\"https:\\\/\\\/www.physioradiance.de\\\/fr\\\/contact\\\/#breadcrumb\"},\"inLanguage\":\"fr-FR\",\"potentialAction\":[{\"@type\":\"ReadAction\",\"target\":[\"https:\\\/\\\/www.physioradiance.de\\\/fr\\\/contact\\\/\"]}]},{\"@type\":\"ImageObject\",\"inLanguage\":\"fr-FR\",\"@id\":\"https:\\\/\\\/www.physioradiance.de\\\/fr\\\/contact\\\/#primaryimage\",\"url\":\"https:\\\/\\\/www.physioradiance.de\\\/wp-content\\\/uploads\\\/cropped-favicon.png\",\"contentUrl\":\"https:\\\/\\\/www.physioradiance.de\\\/wp-content\\\/uploads\\\/cropped-favicon.png\",\"width\":512,\"height\":512,\"caption\":\"Physio Radiance\"},{\"@type\":\"BreadcrumbList\",\"@id\":\"https:\\\/\\\/www.physioradiance.de\\\/fr\\\/contact\\\/#breadcrumb\",\"itemListElement\":[{\"@type\":\"ListItem\",\"position\":1,\"name\":\"Startseite\",\"item\":\"https:\\\/\\\/www.physioradiance.de\\\/fr\\\/\"},{\"@type\":\"ListItem\",\"position\":2,\"name\":\"Contact\"}]},{\"@type\":\"WebSite\",\"@id\":\"https:\\\/\\\/www.physioradiance.de\\\/#website\",\"url\":\"https:\\\/\\\/www.physioradiance.de\\\/\",\"name\":\"Physio Radiance\",\"description\":\"Wegweisende Hautpflege\",\"publisher\":{\"@id\":\"https:\\\/\\\/www.physioradiance.de\\\/#organization\"},\"potentialAction\":[{\"@type\":\"SearchAction\",\"target\":{\"@type\":\"EntryPoint\",\"urlTemplate\":\"https:\\\/\\\/www.physioradiance.de\\\/?s={search_term_string}\"},\"query-input\":{\"@type\":\"PropertyValueSpecification\",\"valueRequired\":true,\"valueName\":\"search_term_string\"}}],\"inLanguage\":\"fr-FR\"},{\"@type\":\"Organization\",\"@id\":\"https:\\\/\\\/www.physioradiance.de\\\/#organization\",\"name\":\"Physio Radiance\",\"url\":\"https:\\\/\\\/www.physioradiance.de\\\/\",\"logo\":{\"@type\":\"ImageObject\",\"inLanguage\":\"fr-FR\",\"@id\":\"https:\\\/\\\/www.physioradiance.de\\\/#\\\/schema\\\/logo\\\/image\\\/\",\"url\":\"https:\\\/\\\/www.physioradiance.de\\\/wp-content\\\/uploads\\\/cropped-physioradiance-logo.webp\",\"contentUrl\":\"https:\\\/\\\/www.physioradiance.de\\\/wp-content\\\/uploads\\\/cropped-physioradiance-logo.webp\",\"width\":327,\"height\":112,\"caption\":\"Physio Radiance\"},\"image\":{\"@id\":\"https:\\\/\\\/www.physioradiance.de\\\/#\\\/schema\\\/logo\\\/image\\\/\"}}]}<\/script>\n<!-- \/ Yoast SEO plugin. -->","yoast_head_json":{"title":"Contact - Physio Radiance","robots":{"index":"index","follow":"follow","max-snippet":"max-snippet:-1","max-image-preview":"max-image-preview:large","max-video-preview":"max-video-preview:-1"},"canonical":"https:\/\/www.physioradiance.de\/fr\/contact\/","og_locale":"fr_FR","og_type":"article","og_title":"Contact - Physio Radiance","og_description":"CONTACT Vous avez des questions sur nos produits, une demande de garantie ou vous souhaitez nous faire part de vos commentaires ? N&rsquo;h\u00e9sitez pas \u00e0 nous contacter ! Remplissez le formulaire de contact et nous vous r\u00e9pondrons dans les plus brefs d\u00e9lais. Merci beaucoup ! CONTACTEZ-NOUS","og_url":"https:\/\/www.physioradiance.de\/fr\/contact\/","og_site_name":"Physio Radiance","article_modified_time":"2025-10-01T16:53:31+00:00","og_image":[{"width":512,"height":512,"url":"https:\/\/www.physioradiance.de\/wp-content\/uploads\/cropped-favicon.png","type":"image\/png"}],"twitter_card":"summary_large_image","schema":{"@context":"https:\/\/schema.org","@graph":[{"@type":"WebPage","@id":"https:\/\/www.physioradiance.de\/fr\/contact\/","url":"https:\/\/www.physioradiance.de\/fr\/contact\/","name":"Contact - Physio Radiance","isPartOf":{"@id":"https:\/\/www.physioradiance.de\/#website"},"primaryImageOfPage":{"@id":"https:\/\/www.physioradiance.de\/fr\/contact\/#primaryimage"},"image":{"@id":"https:\/\/www.physioradiance.de\/fr\/contact\/#primaryimage"},"thumbnailUrl":"https:\/\/www.physioradiance.de\/wp-content\/uploads\/cropped-favicon.png","datePublished":"2025-09-20T15:04:38+00:00","dateModified":"2025-10-01T16:53:31+00:00","breadcrumb":{"@id":"https:\/\/www.physioradiance.de\/fr\/contact\/#breadcrumb"},"inLanguage":"fr-FR","potentialAction":[{"@type":"ReadAction","target":["https:\/\/www.physioradiance.de\/fr\/contact\/"]}]},{"@type":"ImageObject","inLanguage":"fr-FR","@id":"https:\/\/www.physioradiance.de\/fr\/contact\/#primaryimage","url":"https:\/\/www.physioradiance.de\/wp-content\/uploads\/cropped-favicon.png","contentUrl":"https:\/\/www.physioradiance.de\/wp-content\/uploads\/cropped-favicon.png","width":512,"height":512,"caption":"Physio Radiance"},{"@type":"BreadcrumbList","@id":"https:\/\/www.physioradiance.de\/fr\/contact\/#breadcrumb","itemListElement":[{"@type":"ListItem","position":1,"name":"Startseite","item":"https:\/\/www.physioradiance.de\/fr\/"},{"@type":"ListItem","position":2,"name":"Contact"}]},{"@type":"WebSite","@id":"https:\/\/www.physioradiance.de\/#website","url":"https:\/\/www.physioradiance.de\/","name":"Physio Radiance","description":"Wegweisende Hautpflege","publisher":{"@id":"https:\/\/www.physioradiance.de\/#organization"},"potentialAction":[{"@type":"SearchAction","target":{"@type":"EntryPoint","urlTemplate":"https:\/\/www.physioradiance.de\/?s={search_term_string}"},"query-input":{"@type":"PropertyValueSpecification","valueRequired":true,"valueName":"search_term_string"}}],"inLanguage":"fr-FR"},{"@type":"Organization","@id":"https:\/\/www.physioradiance.de\/#organization","name":"Physio Radiance","url":"https:\/\/www.physioradiance.de\/","logo":{"@type":"ImageObject","inLanguage":"fr-FR","@id":"https:\/\/www.physioradiance.de\/#\/schema\/logo\/image\/","url":"https:\/\/www.physioradiance.de\/wp-content\/uploads\/cropped-physioradiance-logo.webp","contentUrl":"https:\/\/www.physioradiance.de\/wp-content\/uploads\/cropped-physioradiance-logo.webp","width":327,"height":112,"caption":"Physio Radiance"},"image":{"@id":"https:\/\/www.physioradiance.de\/#\/schema\/logo\/image\/"}}]}},"_links":{"self":[{"href":"https:\/\/www.physioradiance.de\/fr\/wp-json\/wp\/v2\/pages\/5548","targetHints":{"allow":["GET"]}}],"collection":[{"href":"https:\/\/www.physioradiance.de\/fr\/wp-json\/wp\/v2\/pages"}],"about":[{"href":"https:\/\/www.physioradiance.de\/fr\/wp-json\/wp\/v2\/types\/page"}],"author":[{"embeddable":true,"href":"https:\/\/www.physioradiance.de\/fr\/wp-json\/wp\/v2\/users\/1"}],"replies":[{"embeddable":true,"href":"https:\/\/www.physioradiance.de\/fr\/wp-json\/wp\/v2\/comments?post=5548"}],"version-history":[{"count":6,"href":"https:\/\/www.physioradiance.de\/fr\/wp-json\/wp\/v2\/pages\/5548\/revisions"}],"predecessor-version":[{"id":6018,"href":"https:\/\/www.physioradiance.de\/fr\/wp-json\/wp\/v2\/pages\/5548\/revisions\/6018"}],"wp:featuredmedia":[{"embeddable":true,"href":"https:\/\/www.physioradiance.de\/fr\/wp-json\/wp\/v2\/media\/6076"}],"wp:attachment":[{"href":"https:\/\/www.physioradiance.de\/fr\/wp-json\/wp\/v2\/media?parent=5548"}],"curies":[{"name":"wp","href":"https:\/\/api.w.org\/{rel}","templated":true}]}}