{"id":5595,"date":"2025-09-24T00:44:37","date_gmt":"2025-09-23T22:44:37","guid":{"rendered":"https:\/\/www.physioradiance.de\/a-propos-de-nous\/"},"modified":"2025-10-01T15:37:14","modified_gmt":"2025-10-01T13:37:14","slug":"a-propos-de-nous","status":"publish","type":"page","link":"https:\/\/www.physioradiance.de\/fr\/a-propos-de-nous\/","title":{"rendered":"\u00c0 propos de nous"},"content":{"rendered":"\t\t<div data-elementor-type=\"wp-page\" data-elementor-id=\"5595\" class=\"elementor elementor-5595 elementor-1543\" data-elementor-post-type=\"page\">\n\t\t\t\t<div class=\"elementor-element elementor-element-d69841d e-flex e-con-boxed e-con e-parent\" data-id=\"d69841d\" data-element_type=\"container\" data-e-type=\"container\" id=\"content\" data-settings=\"{&quot;background_background&quot;:&quot;gradient&quot;}\">\n\t\t\t\t\t<div class=\"e-con-inner\">\n\t\t<div class=\"elementor-element elementor-element-6d2afbc e-con-full animated-fast e-flex elementor-invisible e-con e-child\" data-id=\"6d2afbc\" data-element_type=\"container\" data-e-type=\"container\" data-settings=\"{&quot;background_background&quot;:&quot;classic&quot;,&quot;animation&quot;:&quot;fadeIn&quot;,&quot;animation_tablet&quot;:&quot;none&quot;}\">\n\t\t\t\t<div class=\"elementor-element elementor-element-69ba85d elementor-widget__width-initial elementor-widget elementor-widget-heading\" data-id=\"69ba85d\" data-element_type=\"widget\" data-e-type=\"widget\" data-widget_type=\"heading.default\">\n\t\t\t\t\t<h1 class=\"elementor-heading-title elementor-size-default\">PHYSIO RADIANCE EST UNE MARQUE DE QN EUROPE<\/h1>\t\t\t\t<\/div>\n\t\t\t\t<div class=\"elementor-element elementor-element-283d395 elementor-widget__width-initial elementor-widget-mobile__width-inherit elementor-widget elementor-widget-text-editor\" data-id=\"283d395\" data-element_type=\"widget\" data-e-type=\"widget\" data-widget_type=\"text-editor.default\">\n\t\t\t\t\t\t\t\t\t<p>QN Europe est une jeune entreprise cr\u00e9\u00e9e en 2014 et qui n&rsquo;a cess\u00e9 depuis de se d\u00e9velopper dans diff\u00e9rents pays europ\u00e9ens.<\/p>\t\t\t\t\t\t\t\t<\/div>\n\t\t\t\t<\/div>\n\t\t<div class=\"elementor-element elementor-element-eec43f9 e-con-full animated-fast e-flex elementor-invisible e-con e-child\" data-id=\"eec43f9\" data-element_type=\"container\" data-e-type=\"container\" data-settings=\"{&quot;background_background&quot;:&quot;classic&quot;,&quot;motion_fx_motion_fx_scrolling&quot;:&quot;yes&quot;,&quot;motion_fx_devices&quot;:[&quot;widescreen&quot;,&quot;desktop&quot;],&quot;animation&quot;:&quot;fadeInRight&quot;}\">\n\t\t\t\t<div class=\"elementor-element elementor-element-92e22d6 elementor-widget elementor-widget-spacer\" data-id=\"92e22d6\" data-element_type=\"widget\" data-e-type=\"widget\" data-widget_type=\"spacer.default\">\n\t\t\t\t\t\t\t<div class=\"elementor-spacer\">\n\t\t\t<div class=\"elementor-spacer-inner\"><\/div>\n\t\t<\/div>\n\t\t\t\t\t\t<\/div>\n\t\t\t\t<\/div>\n\t\t\t\t\t<\/div>\n\t\t\t\t<\/div>\n\t\t<div class=\"elementor-element elementor-element-4b56aaf5 e-flex e-con-boxed e-con e-parent\" data-id=\"4b56aaf5\" data-element_type=\"container\" data-e-type=\"container\">\n\t\t\t\t\t<div class=\"e-con-inner\">\n\t\t\t\t<div class=\"elementor-element elementor-element-5d1cf100 elementor-skin-carousel elementor-arrows-yes elementor-pagination-type-bullets elementor-pagination-position-outside elementor-widget elementor-widget-media-carousel\" data-id=\"5d1cf100\" data-element_type=\"widget\" data-e-type=\"widget\" data-settings=\"{&quot;slides_per_view&quot;:&quot;4&quot;,&quot;slides_to_scroll&quot;:&quot;1&quot;,&quot;space_between&quot;:{&quot;unit&quot;:&quot;px&quot;,&quot;size&quot;:25,&quot;sizes&quot;:[]},&quot;space_between_tablet&quot;:{&quot;unit&quot;:&quot;px&quot;,&quot;size&quot;:31,&quot;sizes&quot;:[]},&quot;skin&quot;:&quot;carousel&quot;,&quot;effect&quot;:&quot;slide&quot;,&quot;show_arrows&quot;:&quot;yes&quot;,&quot;pagination&quot;:&quot;bullets&quot;,&quot;speed&quot;:500,&quot;autoplay&quot;:&quot;yes&quot;,&quot;autoplay_speed&quot;:5000,&quot;loop&quot;:&quot;yes&quot;,&quot;pause_on_hover&quot;:&quot;yes&quot;,&quot;pause_on_interaction&quot;:&quot;yes&quot;,&quot;space_between_mobile&quot;:{&quot;unit&quot;:&quot;px&quot;,&quot;size&quot;:10,&quot;sizes&quot;:[]}}\" data-widget_type=\"media-carousel.default\">\n\t\t\t\t\t\t\t\t\t\t<div class=\"elementor-main-swiper swiper\" role=\"region\" aria-roledescription=\"carousel\" aria-label=\"Slider\">\n\t\t\t\t<div class=\"swiper-wrapper\">\n\t\t\t\t\t\t\t\t\t\t\t<div class=\"swiper-slide\" role=\"group\" aria-roledescription=\"slide\">\n\t\t\t\t\t\t\t<a href=\"https:\/\/physioradiance.de\/\" target=\"_blank\">\t\t<div class=\"elementor-carousel-image\" role=\"img\" aria-label=\"Produits Physio Radiance\" style=\"background-image: url(&#039;https:\/\/www.physioradiance.de\/wp-content\/uploads\/PhysioShopPreview.jpg&#039;)\">\n\n\t\t\t\n\t\t\t\t\t<\/div>\n\t\t<\/a>\t\t\t\t\t\t<\/div>\n\t\t\t\t\t\t\t\t\t\t\t<div class=\"swiper-slide\" role=\"group\" aria-roledescription=\"slide\">\n\t\t\t\t\t\t\t\t\t<div class=\"elementor-carousel-image\" role=\"img\" aria-label=\"Amezcua\" style=\"background-image: url(&#039;https:\/\/www.physioradiance.de\/wp-content\/uploads\/Brandtile_Amezcua24.jpg&#039;)\">\n\n\t\t\t\n\t\t\t\t\t<\/div>\n\t\t\t\t\t\t\t\t<\/div>\n\t\t\t\t\t\t\t\t\t\t\t<div class=\"swiper-slide\" role=\"group\" aria-roledescription=\"slide\">\n\t\t\t\t\t\t\t<a href=\"https:\/\/homepure.de\/\" target=\"_blank\">\t\t<div class=\"elementor-carousel-image\" role=\"img\" aria-label=\"Accueil Pure\" style=\"background-image: url(&#039;https:\/\/www.physioradiance.de\/wp-content\/uploads\/Brandtile_Homepure24.jpg&#039;)\">\n\n\t\t\t\n\t\t\t\t\t<\/div>\n\t\t<\/a>\t\t\t\t\t\t<\/div>\n\t\t\t\t\t\t\t\t\t\t\t<div class=\"swiper-slide\" role=\"group\" aria-roledescription=\"slide\">\n\t\t\t\t\t\t\t<a href=\"https:\/\/lifeqode.de\/\" target=\"_blank\">\t\t<div class=\"elementor-carousel-image\" role=\"img\" aria-label=\"LifeQode\" style=\"background-image: url(&#039;https:\/\/www.physioradiance.de\/wp-content\/uploads\/Lifeqodeshop.jpg&#039;)\">\n\n\t\t\t\n\t\t\t\t\t<\/div>\n\t\t<\/a>\t\t\t\t\t\t<\/div>\n\t\t\t\t\t\t\t\t\t\t\t<div class=\"swiper-slide\" role=\"group\" aria-roledescription=\"slide\">\n\t\t\t\t\t\t\t<a href=\"https:\/\/www.bernhardhmayer.com\/\" target=\"_blank\">\t\t<div class=\"elementor-carousel-image\" role=\"img\" aria-label=\"Bernhard H. Mayer\" style=\"background-image: url(&#039;https:\/\/www.physioradiance.de\/wp-content\/uploads\/Brandtile_BHM24.jpg&#039;)\">\n\n\t\t\t\n\t\t\t\t\t<\/div>\n\t\t<\/a>\t\t\t\t\t\t<\/div>\n\t\t\t\t\t\t\t\t\t<\/div>\n\t\t\t\t\t\t\t\t\t\t\t\t\t\t\t<div class=\"elementor-swiper-button elementor-swiper-button-prev\" role=\"button\" tabindex=\"0\" aria-label=\"Pr\u00e9c\u00e9dent\">\n\t\t\t\t\t\t\t<svg aria-hidden=\"true\" class=\"e-font-icon-svg e-eicon-chevron-left\" viewBox=\"0 0 1000 1000\" xmlns=\"http:\/\/www.w3.org\/2000\/svg\"><path d=\"M646 125C629 125 613 133 604 142L308 442C296 454 292 471 292 487 292 504 296 521 308 533L604 854C617 867 629 875 646 875 663 875 679 871 692 858 704 846 713 829 713 812 713 796 708 779 692 767L438 487 692 225C700 217 708 204 708 187 708 171 704 154 692 142 675 129 663 125 646 125Z\"><\/path><\/svg>\t\t\t\t\t\t<\/div>\n\t\t\t\t\t\t<div class=\"elementor-swiper-button elementor-swiper-button-next\" role=\"button\" tabindex=\"0\" aria-label=\"Suivant\">\n\t\t\t\t\t\t\t<svg aria-hidden=\"true\" class=\"e-font-icon-svg e-eicon-chevron-right\" viewBox=\"0 0 1000 1000\" xmlns=\"http:\/\/www.w3.org\/2000\/svg\"><path d=\"M696 533C708 521 713 504 713 487 713 471 708 454 696 446L400 146C388 133 375 125 354 125 338 125 325 129 313 142 300 154 292 171 292 187 292 204 296 221 308 233L563 492 304 771C292 783 288 800 288 817 288 833 296 850 308 863 321 871 338 875 354 875 371 875 388 867 400 854L696 533Z\"><\/path><\/svg>\t\t\t\t\t\t<\/div>\n\t\t\t\t\t\t\t\t\t\t\t\t\t\t\t\t<div class=\"swiper-pagination\"><\/div>\n\t\t\t\t\t\t\t\t\t\t\t\t<\/div>\n\t\t\t\t\t\t\t\t<\/div>\n\t\t\t\t\t<\/div>\n\t\t\t\t<\/div>\n\t\t<div class=\"elementor-element elementor-element-6d449375 e-flex e-con-boxed e-con e-parent\" data-id=\"6d449375\" data-element_type=\"container\" data-e-type=\"container\" data-settings=\"{&quot;background_background&quot;:&quot;gradient&quot;}\">\n\t\t\t\t\t<div class=\"e-con-inner\">\n\t\t<div class=\"elementor-element elementor-element-29470251 e-grid e-con-boxed e-con e-child\" data-id=\"29470251\" data-element_type=\"container\" data-e-type=\"container\">\n\t\t\t\t\t<div class=\"e-con-inner\">\n\t\t\t\t<div class=\"elementor-element elementor-element-602c4dec animated-fast elementor-invisible elementor-widget elementor-widget-image\" data-id=\"602c4dec\" data-element_type=\"widget\" data-e-type=\"widget\" data-settings=\"{&quot;_animation&quot;:&quot;fadeIn&quot;,&quot;_animation_delay&quot;:500,&quot;_animation_tablet&quot;:&quot;none&quot;}\" data-widget_type=\"image.default\">\n\t\t\t\t\t\t\t\t\t\t\t\t\t\t\t<img fetchpriority=\"high\" decoding=\"async\" width=\"660\" height=\"770\" src=\"https:\/\/www.physioradiance.de\/wp-content\/uploads\/uberuns.webp\" class=\"attachment-full size-full wp-image-5598\" alt=\"Produits Physio Radiance\" srcset=\"https:\/\/www.physioradiance.de\/wp-content\/uploads\/uberuns.webp 660w, https:\/\/www.physioradiance.de\/wp-content\/uploads\/uberuns-257x300.webp 257w\" sizes=\"(max-width: 660px) 100vw, 660px\" \/>\t\t\t\t\t\t\t\t\t\t\t\t\t\t\t<\/div>\n\t\t<div class=\"elementor-element elementor-element-5b3d847e e-con-full animated-fast e-flex elementor-invisible e-con e-child\" data-id=\"5b3d847e\" data-element_type=\"container\" data-e-type=\"container\" data-settings=\"{&quot;animation&quot;:&quot;fadeIn&quot;,&quot;animation_delay&quot;:750,&quot;animation_tablet&quot;:&quot;none&quot;}\">\n\t\t\t\t<div class=\"elementor-element elementor-element-b9e97d7 elementor-widget elementor-widget-heading\" data-id=\"b9e97d7\" data-element_type=\"widget\" data-e-type=\"widget\" data-widget_type=\"heading.default\">\n\t\t\t\t\t<span class=\"elementor-heading-title elementor-size-default\">\u00c0 PROPOS DE NOUS<\/span>\t\t\t\t<\/div>\n\t\t\t\t<div class=\"elementor-element elementor-element-4b8f7809 elementor-widget__width-initial elementor-widget-mobile__width-inherit elementor-widget elementor-widget-heading\" data-id=\"4b8f7809\" data-element_type=\"widget\" data-e-type=\"widget\" data-widget_type=\"heading.default\">\n\t\t\t\t\t<h1 class=\"elementor-heading-title elementor-size-default\">Physio Radiance est une marque de QN Europe<\/h1>\t\t\t\t<\/div>\n\t\t<div class=\"elementor-element elementor-element-1b578628 e-grid e-con-full e-con e-child\" data-id=\"1b578628\" data-element_type=\"container\" data-e-type=\"container\">\n\t\t\t\t<div class=\"elementor-element elementor-element-78ef668c elementor-widget elementor-widget-text-editor\" data-id=\"78ef668c\" data-element_type=\"widget\" data-e-type=\"widget\" data-widget_type=\"text-editor.default\">\n\t\t\t\t\t\t\t\t\t<p data-start=\"123\" data-end=\"499\">QN Europe est une jeune entreprise cr\u00e9\u00e9e en 2014 et qui n&rsquo;a cess\u00e9 depuis de se d\u00e9velopper dans diff\u00e9rents pays europ\u00e9ens. Notre philosophie \u00ab\u00a0Create Value | Empower People\u00a0\u00bb repr\u00e9sente notre volont\u00e9 de d\u00e9velopper des produits qui am\u00e9liorent la qualit\u00e9 de vie et exprime notre d\u00e9sir d&rsquo;aider les gens \u00e0 mener une vie plus \u00e9panouie.<\/p><p data-start=\"501\" data-end=\"817\">Nous proposons une large gamme de produits innovants et de haute qualit\u00e9 qui ont d\u00e9j\u00e0 fait leurs preuves. Nous veillons non seulement \u00e0 ce que nos produits soient fabriqu\u00e9s selon les normes les plus strictes, mais aussi \u00e0 ce qu&rsquo;ils apportent une valeur ajout\u00e9e tangible \u00e0 nos clients.<\/p>\t\t\t\t\t\t\t\t<\/div>\n\t\t\t\t<div class=\"elementor-element elementor-element-6f190bbf elementor-widget elementor-widget-text-editor\" data-id=\"6f190bbf\" data-element_type=\"widget\" data-e-type=\"widget\" data-widget_type=\"text-editor.default\">\n\t\t\t\t\t\t\t\t\t<p data-start=\"824\" data-end=\"1220\">Nous d\u00e9veloppons et \u00e9largissons constamment notre portefeuille de produits afin de r\u00e9pondre aux besoins de nos clients. Outre la volont\u00e9 de cr\u00e9er des produits qui apportent une valeur ajout\u00e9e, notre mission est d&rsquo;offrir aux personnes ambitieuses une possibilit\u00e9 r\u00e9aliste de se cr\u00e9er un avenir ind\u00e9pendant et durable gr\u00e2ce \u00e0 la commercialisation de nos produits.<\/p><p data-start=\"1222\" data-end=\"1407\">\u00c0 cette fin, nous avons cr\u00e9\u00e9 un programme de formation unique pour les futurs repr\u00e9sentants ind\u00e9pendants afin de leur fournir une base solide pour leur r\u00e9ussite individuelle.<\/p>\t\t\t\t\t\t\t\t<\/div>\n\t\t\t\t<\/div>\n\t\t\t\t<\/div>\n\t\t\t\t\t<\/div>\n\t\t\t\t<\/div>\n\t\t\t\t\t<\/div>\n\t\t\t\t<\/div>\n\t\t\t\t<\/div>\n\t\t","protected":false},"excerpt":{"rendered":"<p>PHYSIO RADIANCE EST UNE MARQUE DE QN EUROPE QN Europe est une jeune entreprise cr\u00e9\u00e9e en 2014 et qui n&rsquo;a cess\u00e9 depuis de se d\u00e9velopper dans diff\u00e9rents pays europ\u00e9ens. \u00c0 PROPOS DE NOUS Physio Radiance est une marque de QN Europe QN Europe est une jeune entreprise cr\u00e9\u00e9e en 2014 et qui n&rsquo;a cess\u00e9 depuis [&hellip;]<\/p>\n","protected":false},"author":1,"featured_media":6076,"parent":0,"menu_order":0,"comment_status":"closed","ping_status":"closed","template":"elementor_header_footer","meta":{"footnotes":""},"class_list":["post-5595","page","type-page","status-publish","has-post-thumbnail","hentry"],"yoast_head":"<!-- This site is optimized with the Yoast SEO plugin v27.4 - https:\/\/yoast.com\/product\/yoast-seo-wordpress\/ -->\n<title>\u00c0 propos de nous - Physio Radiance<\/title>\n<meta name=\"robots\" content=\"index, follow, max-snippet:-1, max-image-preview:large, max-video-preview:-1\" \/>\n<link rel=\"canonical\" href=\"https:\/\/www.physioradiance.de\/fr\/a-propos-de-nous\/\" \/>\n<meta property=\"og:locale\" content=\"fr_FR\" \/>\n<meta property=\"og:type\" content=\"article\" \/>\n<meta property=\"og:title\" content=\"\u00c0 propos de nous - Physio Radiance\" \/>\n<meta property=\"og:description\" content=\"PHYSIO RADIANCE EST UNE MARQUE DE QN EUROPE QN Europe est une jeune entreprise cr\u00e9\u00e9e en 2014 et qui n&rsquo;a cess\u00e9 depuis de se d\u00e9velopper dans diff\u00e9rents pays europ\u00e9ens. \u00c0 PROPOS DE NOUS Physio Radiance est une marque de QN Europe QN Europe est une jeune entreprise cr\u00e9\u00e9e en 2014 et qui n&rsquo;a cess\u00e9 depuis [&hellip;]\" \/>\n<meta property=\"og:url\" content=\"https:\/\/www.physioradiance.de\/fr\/a-propos-de-nous\/\" \/>\n<meta property=\"og:site_name\" content=\"Physio Radiance\" \/>\n<meta property=\"article:modified_time\" content=\"2025-10-01T13:37:14+00:00\" \/>\n<meta property=\"og:image\" content=\"https:\/\/www.physioradiance.de\/wp-content\/uploads\/cropped-favicon.png\" \/>\n\t<meta property=\"og:image:width\" content=\"512\" \/>\n\t<meta property=\"og:image:height\" content=\"512\" \/>\n\t<meta property=\"og:image:type\" content=\"image\/png\" \/>\n<meta name=\"twitter:card\" content=\"summary_large_image\" \/>\n<meta name=\"twitter:label1\" content=\"Dur\u00e9e de lecture estim\u00e9e\" \/>\n\t<meta name=\"twitter:data1\" content=\"1 minute\" \/>\n<script type=\"application\/ld+json\" class=\"yoast-schema-graph\">{\"@context\":\"https:\\\/\\\/schema.org\",\"@graph\":[{\"@type\":\"WebPage\",\"@id\":\"https:\\\/\\\/www.physioradiance.de\\\/fr\\\/a-propos-de-nous\\\/\",\"url\":\"https:\\\/\\\/www.physioradiance.de\\\/fr\\\/a-propos-de-nous\\\/\",\"name\":\"\u00c0 propos de nous - Physio Radiance\",\"isPartOf\":{\"@id\":\"https:\\\/\\\/www.physioradiance.de\\\/#website\"},\"primaryImageOfPage\":{\"@id\":\"https:\\\/\\\/www.physioradiance.de\\\/fr\\\/a-propos-de-nous\\\/#primaryimage\"},\"image\":{\"@id\":\"https:\\\/\\\/www.physioradiance.de\\\/fr\\\/a-propos-de-nous\\\/#primaryimage\"},\"thumbnailUrl\":\"https:\\\/\\\/www.physioradiance.de\\\/wp-content\\\/uploads\\\/cropped-favicon.png\",\"datePublished\":\"2025-09-23T22:44:37+00:00\",\"dateModified\":\"2025-10-01T13:37:14+00:00\",\"breadcrumb\":{\"@id\":\"https:\\\/\\\/www.physioradiance.de\\\/fr\\\/a-propos-de-nous\\\/#breadcrumb\"},\"inLanguage\":\"fr-FR\",\"potentialAction\":[{\"@type\":\"ReadAction\",\"target\":[\"https:\\\/\\\/www.physioradiance.de\\\/fr\\\/a-propos-de-nous\\\/\"]}]},{\"@type\":\"ImageObject\",\"inLanguage\":\"fr-FR\",\"@id\":\"https:\\\/\\\/www.physioradiance.de\\\/fr\\\/a-propos-de-nous\\\/#primaryimage\",\"url\":\"https:\\\/\\\/www.physioradiance.de\\\/wp-content\\\/uploads\\\/cropped-favicon.png\",\"contentUrl\":\"https:\\\/\\\/www.physioradiance.de\\\/wp-content\\\/uploads\\\/cropped-favicon.png\",\"width\":512,\"height\":512,\"caption\":\"Physio Radiance\"},{\"@type\":\"BreadcrumbList\",\"@id\":\"https:\\\/\\\/www.physioradiance.de\\\/fr\\\/a-propos-de-nous\\\/#breadcrumb\",\"itemListElement\":[{\"@type\":\"ListItem\",\"position\":1,\"name\":\"Startseite\",\"item\":\"https:\\\/\\\/www.physioradiance.de\\\/fr\\\/\"},{\"@type\":\"ListItem\",\"position\":2,\"name\":\"\u00c0 propos de nous\"}]},{\"@type\":\"WebSite\",\"@id\":\"https:\\\/\\\/www.physioradiance.de\\\/#website\",\"url\":\"https:\\\/\\\/www.physioradiance.de\\\/\",\"name\":\"Physio Radiance\",\"description\":\"Wegweisende Hautpflege\",\"publisher\":{\"@id\":\"https:\\\/\\\/www.physioradiance.de\\\/#organization\"},\"potentialAction\":[{\"@type\":\"SearchAction\",\"target\":{\"@type\":\"EntryPoint\",\"urlTemplate\":\"https:\\\/\\\/www.physioradiance.de\\\/?s={search_term_string}\"},\"query-input\":{\"@type\":\"PropertyValueSpecification\",\"valueRequired\":true,\"valueName\":\"search_term_string\"}}],\"inLanguage\":\"fr-FR\"},{\"@type\":\"Organization\",\"@id\":\"https:\\\/\\\/www.physioradiance.de\\\/#organization\",\"name\":\"Physio Radiance\",\"url\":\"https:\\\/\\\/www.physioradiance.de\\\/\",\"logo\":{\"@type\":\"ImageObject\",\"inLanguage\":\"fr-FR\",\"@id\":\"https:\\\/\\\/www.physioradiance.de\\\/#\\\/schema\\\/logo\\\/image\\\/\",\"url\":\"https:\\\/\\\/www.physioradiance.de\\\/wp-content\\\/uploads\\\/cropped-physioradiance-logo.webp\",\"contentUrl\":\"https:\\\/\\\/www.physioradiance.de\\\/wp-content\\\/uploads\\\/cropped-physioradiance-logo.webp\",\"width\":327,\"height\":112,\"caption\":\"Physio Radiance\"},\"image\":{\"@id\":\"https:\\\/\\\/www.physioradiance.de\\\/#\\\/schema\\\/logo\\\/image\\\/\"}}]}<\/script>\n<!-- \/ Yoast SEO plugin. -->","yoast_head_json":{"title":"\u00c0 propos de nous - Physio Radiance","robots":{"index":"index","follow":"follow","max-snippet":"max-snippet:-1","max-image-preview":"max-image-preview:large","max-video-preview":"max-video-preview:-1"},"canonical":"https:\/\/www.physioradiance.de\/fr\/a-propos-de-nous\/","og_locale":"fr_FR","og_type":"article","og_title":"\u00c0 propos de nous - Physio Radiance","og_description":"PHYSIO RADIANCE EST UNE MARQUE DE QN EUROPE QN Europe est une jeune entreprise cr\u00e9\u00e9e en 2014 et qui n&rsquo;a cess\u00e9 depuis de se d\u00e9velopper dans diff\u00e9rents pays europ\u00e9ens. \u00c0 PROPOS DE NOUS Physio Radiance est une marque de QN Europe QN Europe est une jeune entreprise cr\u00e9\u00e9e en 2014 et qui n&rsquo;a cess\u00e9 depuis [&hellip;]","og_url":"https:\/\/www.physioradiance.de\/fr\/a-propos-de-nous\/","og_site_name":"Physio Radiance","article_modified_time":"2025-10-01T13:37:14+00:00","og_image":[{"width":512,"height":512,"url":"https:\/\/www.physioradiance.de\/wp-content\/uploads\/cropped-favicon.png","type":"image\/png"}],"twitter_card":"summary_large_image","twitter_misc":{"Dur\u00e9e de lecture estim\u00e9e":"1 minute"},"schema":{"@context":"https:\/\/schema.org","@graph":[{"@type":"WebPage","@id":"https:\/\/www.physioradiance.de\/fr\/a-propos-de-nous\/","url":"https:\/\/www.physioradiance.de\/fr\/a-propos-de-nous\/","name":"\u00c0 propos de nous - Physio Radiance","isPartOf":{"@id":"https:\/\/www.physioradiance.de\/#website"},"primaryImageOfPage":{"@id":"https:\/\/www.physioradiance.de\/fr\/a-propos-de-nous\/#primaryimage"},"image":{"@id":"https:\/\/www.physioradiance.de\/fr\/a-propos-de-nous\/#primaryimage"},"thumbnailUrl":"https:\/\/www.physioradiance.de\/wp-content\/uploads\/cropped-favicon.png","datePublished":"2025-09-23T22:44:37+00:00","dateModified":"2025-10-01T13:37:14+00:00","breadcrumb":{"@id":"https:\/\/www.physioradiance.de\/fr\/a-propos-de-nous\/#breadcrumb"},"inLanguage":"fr-FR","potentialAction":[{"@type":"ReadAction","target":["https:\/\/www.physioradiance.de\/fr\/a-propos-de-nous\/"]}]},{"@type":"ImageObject","inLanguage":"fr-FR","@id":"https:\/\/www.physioradiance.de\/fr\/a-propos-de-nous\/#primaryimage","url":"https:\/\/www.physioradiance.de\/wp-content\/uploads\/cropped-favicon.png","contentUrl":"https:\/\/www.physioradiance.de\/wp-content\/uploads\/cropped-favicon.png","width":512,"height":512,"caption":"Physio Radiance"},{"@type":"BreadcrumbList","@id":"https:\/\/www.physioradiance.de\/fr\/a-propos-de-nous\/#breadcrumb","itemListElement":[{"@type":"ListItem","position":1,"name":"Startseite","item":"https:\/\/www.physioradiance.de\/fr\/"},{"@type":"ListItem","position":2,"name":"\u00c0 propos de nous"}]},{"@type":"WebSite","@id":"https:\/\/www.physioradiance.de\/#website","url":"https:\/\/www.physioradiance.de\/","name":"Physio Radiance","description":"Wegweisende Hautpflege","publisher":{"@id":"https:\/\/www.physioradiance.de\/#organization"},"potentialAction":[{"@type":"SearchAction","target":{"@type":"EntryPoint","urlTemplate":"https:\/\/www.physioradiance.de\/?s={search_term_string}"},"query-input":{"@type":"PropertyValueSpecification","valueRequired":true,"valueName":"search_term_string"}}],"inLanguage":"fr-FR"},{"@type":"Organization","@id":"https:\/\/www.physioradiance.de\/#organization","name":"Physio Radiance","url":"https:\/\/www.physioradiance.de\/","logo":{"@type":"ImageObject","inLanguage":"fr-FR","@id":"https:\/\/www.physioradiance.de\/#\/schema\/logo\/image\/","url":"https:\/\/www.physioradiance.de\/wp-content\/uploads\/cropped-physioradiance-logo.webp","contentUrl":"https:\/\/www.physioradiance.de\/wp-content\/uploads\/cropped-physioradiance-logo.webp","width":327,"height":112,"caption":"Physio Radiance"},"image":{"@id":"https:\/\/www.physioradiance.de\/#\/schema\/logo\/image\/"}}]}},"_links":{"self":[{"href":"https:\/\/www.physioradiance.de\/fr\/wp-json\/wp\/v2\/pages\/5595","targetHints":{"allow":["GET"]}}],"collection":[{"href":"https:\/\/www.physioradiance.de\/fr\/wp-json\/wp\/v2\/pages"}],"about":[{"href":"https:\/\/www.physioradiance.de\/fr\/wp-json\/wp\/v2\/types\/page"}],"author":[{"embeddable":true,"href":"https:\/\/www.physioradiance.de\/fr\/wp-json\/wp\/v2\/users\/1"}],"replies":[{"embeddable":true,"href":"https:\/\/www.physioradiance.de\/fr\/wp-json\/wp\/v2\/comments?post=5595"}],"version-history":[{"count":3,"href":"https:\/\/www.physioradiance.de\/fr\/wp-json\/wp\/v2\/pages\/5595\/revisions"}],"predecessor-version":[{"id":5613,"href":"https:\/\/www.physioradiance.de\/fr\/wp-json\/wp\/v2\/pages\/5595\/revisions\/5613"}],"wp:featuredmedia":[{"embeddable":true,"href":"https:\/\/www.physioradiance.de\/fr\/wp-json\/wp\/v2\/media\/6076"}],"wp:attachment":[{"href":"https:\/\/www.physioradiance.de\/fr\/wp-json\/wp\/v2\/media?parent=5595"}],"curies":[{"name":"wp","href":"https:\/\/api.w.org\/{rel}","templated":true}]}}